{"id":25,"date":"2009-10-07T00:36:37","date_gmt":"2009-10-06T22:36:37","guid":{"rendered":"https:\/\/sv-oberperfuss.at\/sportschuetzen\/?page_id=25"},"modified":"2024-10-24T07:36:59","modified_gmt":"2024-10-24T05:36:59","slug":"geschichte","status":"publish","type":"page","link":"https:\/\/sv-oberperfuss.at\/sportschuetzen\/geschichte\/","title":{"rendered":"Geschichte"},"content":{"rendered":"<p><strong>&nbsp;<\/strong><\/p>\n<p>In der Kompanie der Oberperfer Sch\u00fctzen gab es immer schon Mitglieder die dem sportlichen Schie\u00dfen zugetan waren. Im J\u00e4nner <strong>1986<\/strong> beschlossen einzelne Kompaniesch\u00fctzen eine Gilde zu gr\u00fcnden, um an den sportlichen Bewerben des Sch\u00fctzenbundes, den Rundenwettk\u00e4mpfen, teilnehmen zu k\u00f6nnen.<\/p>\n<p>Die drei Proponenten, die am<strong> 3.1.1986<\/strong> der Sicherheitsdirektion namhaft gemacht wurden waren Ruetz Max, Heis Max und Jordan Max.<\/p>\n<p>Am <strong>21.2.1986<\/strong> fand im Lokal der Sch\u00fctzenkompanie die Gr\u00fcndungsversammlung der Sch\u00fctzengilde Oberperfuss statt.<\/p>\n<p>Der erste Obmann war Ruetz Max, zu seinen Stellvertretern wurden Heis Max und Triendl Heinz gew\u00e4hlt. Zum Schriftf\u00fchrer wurde Paul Gritsch und zum Kassier sein Bruder Josef Gritsch ernannt. Weiters waren im ersten Ausschu\u00df noch Heis Helga, Schnaiter Rudolf, Jordan Max und Leitner Hubert vertreten.<\/p>\n<p>Am <strong>4.4.1992<\/strong> wurde die Sch\u00fctzengilde als f\u00fcnfte Sektion in den Gesamtsportverein Oberperfuss aufgenommen.<\/p>\n<p>Im Jahre <strong>1994<\/strong> \u00fcbernahm Dr.Paul Gritsch das Amt des Obmannes von Ruetz Max. Seine Stellvertreter waren Georg Bucher und Gottfried Schl\u00f6gl. Kassier und Schriftf\u00fchrer wurde Ascher Fritz.<\/p>\n<p><strong>1995<\/strong> konnten anl\u00e4\u00dflich der Erweiterung von Schule und Kindergarten, neue moderne Vereinsr\u00e4ume im Keller des Kindergartens bezogen werden.<\/p>\n<p style=\"text-align: left\"><strong>2008<\/strong> entschloss sich eine kleine Gruppe im Zuge des Dorfschiessens aufgrund der Anregung&nbsp; von Obmann Paul Gritsch, eine Hobbymannschaft in der Disziplin \u201eStehend-aufgelegt\u201c zu gr\u00fcnden.<\/p>\n<p style=\"text-align: left\">Diese Gruppe, bestehend aus Michaela Wolf, Erika Steiner, Stephanie \u00d6lhafen und Birgit Maurer, musste sich gleich 1 Woche sp\u00e4ter bei der ersten Wettkampfrunde beweisen und die aufgelegt Sch\u00fctzen sind seit diesem Zeitpunkt fixer und wichtiger Bestandteil der&nbsp;Gilde.<\/p>\n<p>Bezirksmeistertitel, mehrfache Tiroler Meister und sogar \u00d6sterreichische Meister gingen aus dieser Disziplin hervor.<\/p>\n<p>Margarethe Kapferer ist 5\u2011Fache Tiroler Meisterin, 5\u2011Fache Bezirksmeisterin und \u00d6sterreichische Meisterin in der Mannschaft.<\/p>\n<p>Die Gilde verf\u00fcgt&nbsp;seit <strong>2009<\/strong> &nbsp;\u00fcber eine moderne vollelektronische Schie\u00dfanlage f\u00fcr Luftdruckgewehre und Pistolen mit 10 St\u00e4nden, Auswertungsserver und Gro\u00dfbildanzeige im Aufenthaltsbereich.<\/p>\n<p><strong>&nbsp;2010\/<\/strong>11 wurden &nbsp;zahlreiche Instandhaltungsarbeiten durchgef\u00fchrt&nbsp;(Polsterung, Beschallung, Zentrale Druckluft-Flaschenanlage, Sp\u00fclmaschine,\u2026)<\/p>\n<p><strong>2015<\/strong> gr\u00fcndete sich die Sch\u00fctzengilde Oberperfuss neu, da sich der Dachverband SV Oberperfuss aufl\u00f6ste und somit keine Sektionen mehr m\u00f6glich waren. Zum Obersch\u00fctzenmeister wurde Florian Leitner einstimmig gew\u00e4hlt, Sch\u00fctzenmeister 1 wurde Manuel Spiegl, Sch\u00fctzenmeister 2 Thomas Abenthung, Kassier Spirk Stefan und Schriftf\u00fchrerin Stephanie \u00d6lhafen.<\/p>\n<p><strong>2023<\/strong> Investition in einen Hochdruckkompressor zur Bef\u00fcllung der Kartuschen<\/p>\n<p>Zweck der Gilde war immer die Pflege des Schie\u00dfsportes, die Teilnahme an den verschiedenen Wettk\u00e4mpfen des Sch\u00fctzenbundes und die Pflege der Kameradschaft.<\/p>\n<p>Derzeit z\u00e4hlt die Gilde ca. 30 aktive Mitglieder.<\/p>\n<p>&nbsp;<\/p>\n","protected":false},"excerpt":{"rendered":"<p>&nbsp; In der Kompanie der Oberperfer Sch\u00fctzen gab es immer schon Mitglieder die dem sportlichen Schie\u00dfen zugetan waren. Im J\u00e4nner 1986 beschlossen einzelne Kompaniesch\u00fctzen eine Gilde zu gr\u00fcnden, um an den sportlichen Bewerben des Sch\u00fctzenbundes, den Rundenwettk\u00e4mpfen, teilnehmen zu k\u00f6nnen. Die drei Proponenten, die am 3.1.1986 der Sicherheitsdirektion namhaft gemacht wurden waren Ruetz Max,&nbsp;Heis&nbsp;[\u2026]<\/p>\n","protected":false},"author":20,"featured_media":0,"parent":0,"menu_order":0,"comment_status":"open","ping_status":"closed","template":"","meta":{"wp_typography_post_enhancements_disabled":false},"_links":{"self":[{"href":"https:\/\/sv-oberperfuss.at\/sportschuetzen\/wp-json\/wp\/v2\/pages\/25"}],"collection":[{"href":"https:\/\/sv-oberperfuss.at\/sportschuetzen\/wp-json\/wp\/v2\/pages"}],"about":[{"href":"https:\/\/sv-oberperfuss.at\/sportschuetzen\/wp-json\/wp\/v2\/types\/page"}],"author":[{"embeddable":true,"href":"https:\/\/sv-oberperfuss.at\/sportschuetzen\/wp-json\/wp\/v2\/users\/20"}],"replies":[{"embeddable":true,"href":"https:\/\/sv-oberperfuss.at\/sportschuetzen\/wp-json\/wp\/v2\/comments?post=25"}],"version-history":[{"count":24,"href":"https:\/\/sv-oberperfuss.at\/sportschuetzen\/wp-json\/wp\/v2\/pages\/25\/revisions"}],"predecessor-version":[{"id":2105,"href":"https:\/\/sv-oberperfuss.at\/sportschuetzen\/wp-json\/wp\/v2\/pages\/25\/revisions\/2105"}],"wp:attachment":[{"href":"https:\/\/sv-oberperfuss.at\/sportschuetzen\/wp-json\/wp\/v2\/media?parent=25"}],"curies":[{"name":"wp","href":"https:\/\/api.w.org\/{rel}","templated":true}]}}