{"id":14405,"date":"2020-09-07T19:33:37","date_gmt":"2020-09-07T17:33:37","guid":{"rendered":"https:\/\/sv-oberperfuss.at\/schi\/?page_id=14405"},"modified":"2022-09-27T16:26:41","modified_gmt":"2022-09-27T14:26:41","slug":"oberperfuss-faehrt-schi","status":"publish","type":"page","link":"https:\/\/sv-oberperfuss.at\/schi\/oberperfuss-faehrt-schi\/","title":{"rendered":"OBERPERFUSS F\u00c4HRT&nbsp;SCHI"},"content":{"rendered":"<p>Gemeinsam mit den Volksschulen Oberperfuss und dem SV Oberperfuss m\u00f6chten wir im Winter mit so vielen Kindern\/Klassen im Rahmen des Sportunterrichts auf die Skipiste kommen wie m\u00f6glich. Hierf\u00fcr gibt es eine Vereinbarung mit den beiden Volksschulen, dem SV Oberperfuss, den Bergbahnen Oberperfuss und der Skischule Kleissl. Koordiniert und gef\u00f6rdert werden diese Einheiten von der Sportunion. Dabei wird derzeit allen Kindern im Alter zwischen 6 und 10 Jahren die M\u00f6glichkeit geboten ihr skifahrerisches K\u00f6nnen zu verbessern. Als gemeinsamer Abschluss findet am Ende des Winters der&nbsp; SportUnion-Veniercup f\u00fcr die Kinder der Volksschulen statt, dabei fungiert Stephanie Venier als&nbsp;Patin!<\/p>\n<div id=\"attachment_14222\" style=\"width: 810px\" class=\"wp-caption alignnone\"><a href=\"https:\/\/sv-oberperfuss.at\/schi\/files\/2020\/02\/bild03-1.jpg\"><img aria-describedby=\"caption-attachment-14222\" loading=\"lazy\" class=\"size-full wp-image-14222\" src=\"https:\/\/sv-oberperfuss.at\/schi\/files\/2020\/02\/bild03-1.jpg\" alt width=\"800\" height=\"600\" srcset=\"https:\/\/sv-oberperfuss.at\/schi\/files\/2020\/02\/bild03-1.jpg 800w, https:\/\/sv-oberperfuss.at\/schi\/files\/2020\/02\/bild03-1-300x225.jpg 300w, https:\/\/sv-oberperfuss.at\/schi\/files\/2020\/02\/bild03-1-768x576.jpg 768w\" sizes=\"(max-width: 800px) 100vw, 800px\"><\/a><p id=\"caption-attachment-14222\" class=\"wp-caption-text\"><a style=\"font-size: 16px\" href=\"https:\/\/sv-oberperfuss.at\/schi\/files\/2020\/02\/bild02-1.jpg\"><img loading=\"lazy\" class=\"alignnone size-full wp-image-14221\" src=\"https:\/\/sv-oberperfuss.at\/schi\/files\/2020\/02\/bild02-1.jpg\" alt width=\"800\" height=\"600\" srcset=\"https:\/\/sv-oberperfuss.at\/schi\/files\/2020\/02\/bild02-1.jpg 800w, https:\/\/sv-oberperfuss.at\/schi\/files\/2020\/02\/bild02-1-300x225.jpg 300w, https:\/\/sv-oberperfuss.at\/schi\/files\/2020\/02\/bild02-1-768x576.jpg 768w\" sizes=\"(max-width: 800px) 100vw, 800px\"><\/a> <a style=\"font-size: 16px\" href=\"https:\/\/sv-oberperfuss.at\/schi\/files\/2020\/02\/bild01-1.jpg\"><img loading=\"lazy\" class=\"alignnone size-full wp-image-14220\" src=\"https:\/\/sv-oberperfuss.at\/schi\/files\/2020\/02\/bild01-1.jpg\" alt width=\"800\" height=\"495\" srcset=\"https:\/\/sv-oberperfuss.at\/schi\/files\/2020\/02\/bild01-1.jpg 800w, https:\/\/sv-oberperfuss.at\/schi\/files\/2020\/02\/bild01-1-300x186.jpg 300w, https:\/\/sv-oberperfuss.at\/schi\/files\/2020\/02\/bild01-1-768x475.jpg 768w\" sizes=\"(max-width: 800px) 100vw, 800px\"><\/a> <a style=\"font-size: 16px\" href=\"https:\/\/sv-oberperfuss.at\/schi\/files\/2020\/02\/bild08.jpg\"><img loading=\"lazy\" class=\"alignnone size-full wp-image-14219\" src=\"https:\/\/sv-oberperfuss.at\/schi\/files\/2020\/02\/bild08.jpg\" alt width=\"800\" height=\"600\" srcset=\"https:\/\/sv-oberperfuss.at\/schi\/files\/2020\/02\/bild08.jpg 800w, https:\/\/sv-oberperfuss.at\/schi\/files\/2020\/02\/bild08-300x225.jpg 300w, https:\/\/sv-oberperfuss.at\/schi\/files\/2020\/02\/bild08-768x576.jpg 768w\" sizes=\"(max-width: 800px) 100vw, 800px\"><\/a><\/p><\/div>\n","protected":false},"excerpt":{"rendered":"<p>Gemeinsam mit den Volksschulen Oberperfuss und dem SV Oberperfuss m\u00f6chten wir im Winter mit so vielen Kindern\/Klassen im Rahmen des Sportunterrichts auf die Skipiste kommen wie m\u00f6glich. Hierf\u00fcr gibt es eine Vereinbarung mit den beiden Volksschulen, dem SV Oberperfuss, den Bergbahnen Oberperfuss und der Skischule Kleissl. Koordiniert und gef\u00f6rdert werden diese Einheiten von der Sportunion.&nbsp;[\u2026]<\/p>\n","protected":false},"author":38,"featured_media":0,"parent":0,"menu_order":5,"comment_status":"closed","ping_status":"closed","template":"","meta":{"wp_typography_post_enhancements_disabled":false},"_links":{"self":[{"href":"https:\/\/sv-oberperfuss.at\/schi\/wp-json\/wp\/v2\/pages\/14405"}],"collection":[{"href":"https:\/\/sv-oberperfuss.at\/schi\/wp-json\/wp\/v2\/pages"}],"about":[{"href":"https:\/\/sv-oberperfuss.at\/schi\/wp-json\/wp\/v2\/types\/page"}],"author":[{"embeddable":true,"href":"https:\/\/sv-oberperfuss.at\/schi\/wp-json\/wp\/v2\/users\/38"}],"replies":[{"embeddable":true,"href":"https:\/\/sv-oberperfuss.at\/schi\/wp-json\/wp\/v2\/comments?post=14405"}],"version-history":[{"count":4,"href":"https:\/\/sv-oberperfuss.at\/schi\/wp-json\/wp\/v2\/pages\/14405\/revisions"}],"predecessor-version":[{"id":14828,"href":"https:\/\/sv-oberperfuss.at\/schi\/wp-json\/wp\/v2\/pages\/14405\/revisions\/14828"}],"wp:attachment":[{"href":"https:\/\/sv-oberperfuss.at\/schi\/wp-json\/wp\/v2\/media?parent=14405"}],"curies":[{"name":"wp","href":"https:\/\/api.w.org\/{rel}","templated":true}]}}