{"id":14061,"date":"2019-09-21T14:52:02","date_gmt":"2019-09-21T12:52:02","guid":{"rendered":"https:\/\/sv-oberperfuss.at\/schi\/?page_id=14061"},"modified":"2022-09-27T16:36:09","modified_gmt":"2022-09-27T14:36:09","slug":"sponsoring","status":"publish","type":"page","link":"https:\/\/sv-oberperfuss.at\/schi\/sponsoring\/","title":{"rendered":"SPONSORING"},"content":{"rendered":"<p><strong><u>M\u00f6glichkeit der finanziellen Unterst\u00fctzung<\/u><\/strong><\/p>\n<p>Gerne weisen wir darauf hin, dass die M\u00f6glichkeit besteht den Schisport und den Verein in unserer Gemeinde durch finanzielle Zuwendungen zu unterst\u00fctzen. Es ist uns wichtig dass vor allem f\u00fcr die Jugend ein sinnvolles sportliches Freizeitangebot bereit steht. Dazu bedarf es nicht nur der ehrenamtlichen T\u00e4tigkeit von Funktion\u00e4ren sondern auch ausreichender finanziellen Mittel um den Sport zu organisieren.<\/p>\n<p><em>\/\/ Bankverbindung: Raiffeisenbank Tirol Mitte West eGen, Bankleitzahl 36.336, IBAN AT49 3633 6000 0172&nbsp;3618<\/em><\/p>\n<p>Bei Fragen diesbez\u00fcglich stehen wir gerne f\u00fcr R\u00fcckfragen bereit!<\/p>\n<p><a href=\"https:\/\/sv-oberperfuss.at\/schi\/files\/2021\/08\/20201215_154647.jpg\"><img loading=\"lazy\" class=\"alignnone size-full wp-image-14552\" src=\"https:\/\/sv-oberperfuss.at\/schi\/files\/2021\/08\/20201215_154647.jpg\" alt width=\"500\" height=\"571\" srcset=\"https:\/\/sv-oberperfuss.at\/schi\/files\/2021\/08\/20201215_154647.jpg 500w, https:\/\/sv-oberperfuss.at\/schi\/files\/2021\/08\/20201215_154647-263x300.jpg 263w\" sizes=\"(max-width: 500px) 100vw, 500px\"><\/a><\/p>\n","protected":false},"excerpt":{"rendered":"<p>M\u00f6glichkeit der finanziellen Unterst\u00fctzung Gerne weisen wir darauf hin, dass die M\u00f6glichkeit besteht den Schisport und den Verein in unserer Gemeinde durch finanzielle Zuwendungen zu unterst\u00fctzen. Es ist uns wichtig dass vor allem f\u00fcr die Jugend ein sinnvolles sportliches Freizeitangebot bereit steht. Dazu bedarf es nicht nur der ehrenamtlichen T\u00e4tigkeit von Funktion\u00e4ren sondern auch ausreichender&nbsp;[\u2026]<\/p>\n","protected":false},"author":38,"featured_media":0,"parent":0,"menu_order":9,"comment_status":"closed","ping_status":"closed","template":"","meta":{"wp_typography_post_enhancements_disabled":false},"_links":{"self":[{"href":"https:\/\/sv-oberperfuss.at\/schi\/wp-json\/wp\/v2\/pages\/14061"}],"collection":[{"href":"https:\/\/sv-oberperfuss.at\/schi\/wp-json\/wp\/v2\/pages"}],"about":[{"href":"https:\/\/sv-oberperfuss.at\/schi\/wp-json\/wp\/v2\/types\/page"}],"author":[{"embeddable":true,"href":"https:\/\/sv-oberperfuss.at\/schi\/wp-json\/wp\/v2\/users\/38"}],"replies":[{"embeddable":true,"href":"https:\/\/sv-oberperfuss.at\/schi\/wp-json\/wp\/v2\/comments?post=14061"}],"version-history":[{"count":4,"href":"https:\/\/sv-oberperfuss.at\/schi\/wp-json\/wp\/v2\/pages\/14061\/revisions"}],"predecessor-version":[{"id":14832,"href":"https:\/\/sv-oberperfuss.at\/schi\/wp-json\/wp\/v2\/pages\/14061\/revisions\/14832"}],"wp:attachment":[{"href":"https:\/\/sv-oberperfuss.at\/schi\/wp-json\/wp\/v2\/media?parent=14061"}],"curies":[{"name":"wp","href":"https:\/\/api.w.org\/{rel}","templated":true}]}}