{"id":11222,"date":"2016-07-31T22:45:36","date_gmt":"2016-07-31T20:45:36","guid":{"rendered":"https:\/\/sv-oberperfuss.at\/schi\/?page_id=11222"},"modified":"2023-09-18T14:53:08","modified_gmt":"2023-09-18T12:53:08","slug":"training","status":"publish","type":"page","link":"https:\/\/sv-oberperfuss.at\/schi\/training\/","title":{"rendered":"TRAINING"},"content":{"rendered":"<p>Liebe Eltern, Liebe Kinder!<br>\nWir sind nat\u00fcrlich sehr bem\u00fcht unseren Kindern, als auch ewig jung gebliebenen ein sportliches Angebot zur Verf\u00fcgung zu stellen.&nbsp; Wir bieten vor allem f\u00fcr Kinder &amp; Sch\u00fcler die bereits \u00fcber schifahrerisches K\u00f6nnen verf\u00fcgen die M\u00f6glichkeit bei uns \u201cmit\u201d zu machen. Je nach Gruppenm\u00f6glichkeiten und Alter der Kinder findet sich meistens eine M\u00f6glichkeit, gerne kann auch einfach mal rein geschnuppert werden bei einem unserer Trainings am Berg. F\u00fcr genauere Fragen stehen wir gerne zur Verf\u00fcgung!<\/p>\n<p>Am Besten direkt per Mail an: <a href=\"mailto:schi@sv-oberperfuss.at\" target=\"_blank\" rel=\"noopener\">schi@sv-oberperfuss.at&nbsp;<\/a><\/p>\n<p><a href=\"https:\/\/sv-oberperfuss.at\/schi\/files\/2022\/09\/b.jpg\"><img loading=\"lazy\" class=\"alignnone wp-image-14820\" src=\"https:\/\/sv-oberperfuss.at\/schi\/files\/2022\/09\/b.jpg\" alt width=\"270\" height=\"151\" srcset=\"https:\/\/sv-oberperfuss.at\/schi\/files\/2022\/09\/b.jpg 500w, https:\/\/sv-oberperfuss.at\/schi\/files\/2022\/09\/b-300x168.jpg 300w\" sizes=\"(max-width: 270px) 100vw, 270px\"><\/a><a href=\"https:\/\/sv-oberperfuss.at\/schi\/files\/2022\/09\/c.jpg\"> <img loading=\"lazy\" class=\"alignnone wp-image-14821\" src=\"https:\/\/sv-oberperfuss.at\/schi\/files\/2022\/09\/c.jpg\" alt width=\"219\" height=\"144\" srcset=\"https:\/\/sv-oberperfuss.at\/schi\/files\/2022\/09\/c.jpg 500w, https:\/\/sv-oberperfuss.at\/schi\/files\/2022\/09\/c-300x197.jpg 300w\" sizes=\"(max-width: 219px) 100vw, 219px\"><\/a>&nbsp;<img loading=\"lazy\" class=\"alignnone wp-image-14067\" src=\"https:\/\/sv-oberperfuss.at\/schi\/files\/2019\/09\/Ohne-Titel-6.jpg\" alt width=\"225\" height=\"150\" srcset=\"https:\/\/sv-oberperfuss.at\/schi\/files\/2019\/09\/Ohne-Titel-6.jpg 2207w, https:\/\/sv-oberperfuss.at\/schi\/files\/2019\/09\/Ohne-Titel-6-300x200.jpg 300w, https:\/\/sv-oberperfuss.at\/schi\/files\/2019\/09\/Ohne-Titel-6-768x512.jpg 768w, https:\/\/sv-oberperfuss.at\/schi\/files\/2019\/09\/Ohne-Titel-6-1024x682.jpg 1024w\" sizes=\"(max-width: 225px) 100vw, 225px\"> <img loading=\"lazy\" class=\"alignnone wp-image-14066\" src=\"https:\/\/sv-oberperfuss.at\/schi\/files\/2019\/09\/Ohne-Titel-4.jpg\" alt width=\"258\" height=\"150\" srcset=\"https:\/\/sv-oberperfuss.at\/schi\/files\/2019\/09\/Ohne-Titel-4.jpg 1868w, https:\/\/sv-oberperfuss.at\/schi\/files\/2019\/09\/Ohne-Titel-4-300x175.jpg 300w, https:\/\/sv-oberperfuss.at\/schi\/files\/2019\/09\/Ohne-Titel-4-768x447.jpg 768w, https:\/\/sv-oberperfuss.at\/schi\/files\/2019\/09\/Ohne-Titel-4-1024x596.jpg 1024w\" sizes=\"(max-width: 258px) 100vw, 258px\"> &nbsp;<a href=\"https:\/\/sv-oberperfuss.at\/schi\/files\/2022\/09\/d.jpg\"><img loading=\"lazy\" class=\"alignnone wp-image-14822\" src=\"https:\/\/sv-oberperfuss.at\/schi\/files\/2022\/09\/d.jpg\" alt width=\"238\" height=\"147\" srcset=\"https:\/\/sv-oberperfuss.at\/schi\/files\/2022\/09\/d.jpg 500w, https:\/\/sv-oberperfuss.at\/schi\/files\/2022\/09\/d-300x185.jpg 300w\" sizes=\"(max-width: 238px) 100vw, 238px\"><\/a><\/p>\n","protected":false},"excerpt":{"rendered":"<p>Liebe Eltern, Liebe Kinder! Wir sind nat\u00fcrlich sehr bem\u00fcht unseren Kindern, als auch ewig jung gebliebenen ein sportliches Angebot zur Verf\u00fcgung zu stellen.&nbsp; Wir bieten vor allem f\u00fcr Kinder &amp; Sch\u00fcler die bereits \u00fcber schifahrerisches K\u00f6nnen verf\u00fcgen die M\u00f6glichkeit bei uns \u201cmit\u201d zu machen. Je nach Gruppenm\u00f6glichkeiten und Alter der Kinder findet sich meistens eine&nbsp;[\u2026]<\/p>\n","protected":false},"author":38,"featured_media":0,"parent":0,"menu_order":1,"comment_status":"closed","ping_status":"closed","template":"","meta":{"wp_typography_post_enhancements_disabled":false},"_links":{"self":[{"href":"https:\/\/sv-oberperfuss.at\/schi\/wp-json\/wp\/v2\/pages\/11222"}],"collection":[{"href":"https:\/\/sv-oberperfuss.at\/schi\/wp-json\/wp\/v2\/pages"}],"about":[{"href":"https:\/\/sv-oberperfuss.at\/schi\/wp-json\/wp\/v2\/types\/page"}],"author":[{"embeddable":true,"href":"https:\/\/sv-oberperfuss.at\/schi\/wp-json\/wp\/v2\/users\/38"}],"replies":[{"embeddable":true,"href":"https:\/\/sv-oberperfuss.at\/schi\/wp-json\/wp\/v2\/comments?post=11222"}],"version-history":[{"count":26,"href":"https:\/\/sv-oberperfuss.at\/schi\/wp-json\/wp\/v2\/pages\/11222\/revisions"}],"predecessor-version":[{"id":15524,"href":"https:\/\/sv-oberperfuss.at\/schi\/wp-json\/wp\/v2\/pages\/11222\/revisions\/15524"}],"wp:attachment":[{"href":"https:\/\/sv-oberperfuss.at\/schi\/wp-json\/wp\/v2\/media?parent=11222"}],"curies":[{"name":"wp","href":"https:\/\/api.w.org\/{rel}","templated":true}]}}