{"id":60,"date":"2009-10-07T09:05:22","date_gmt":"2009-10-07T07:05:22","guid":{"rendered":"https:\/\/sv-oberperfuss.at\/rodel\/?page_id=60"},"modified":"2019-01-14T11:53:21","modified_gmt":"2019-01-14T09:53:21","slug":"ausschuss","status":"publish","type":"page","link":"https:\/\/sv-oberperfuss.at\/rodel\/ausschuss\/","title":{"rendered":"Ausschuss"},"content":{"rendered":"<ul>\n<li><strong>Obmann: <\/strong>Markus Jungmann<\/li>\n<li><strong>Obmann-Stellvertreter.: <\/strong>Marco Gruber<\/li>\n<li><strong>Kassier: <\/strong>Andreas W\u00fcrtenberger<\/li>\n<li><strong>Kassier-Stellvertreterin: <\/strong>Manuela Huber<\/li>\n<li><strong>Schriftf\u00fchrer: <\/strong>Sabine Hornegger<\/li>\n<li><strong>Schriftf\u00fchrer-Stellvertreter: <\/strong>Angelique Ruetz<\/li>\n<li><strong>Bahnchef:<\/strong> Dominik Kirchmair, Harald Leitner<\/li>\n<li><strong>Zeitnehmung und Auswertung: <\/strong>Patrick Schl\u00f6gl und Andreas W\u00fcrtenberger<\/li>\n<li><strong>Starter:<\/strong> Walter Knapp<\/li>\n<li><strong>Kantine:<\/strong> Harald Leitner<\/li>\n<\/ul>\n","protected":false},"excerpt":{"rendered":"<p>Obmann: Markus Jungmann Obmann-Stellvertreter.: Marco Gruber Kassier: Andreas W\u00fcrtenberger Kassier-Stellvertreterin: Manuela Huber Schriftf\u00fchrer: Sabine Hornegger Schriftf\u00fchrer-Stellvertreter: Angelique Ruetz Bahnchef: Dominik Kirchmair, Harald Leitner Zeitnehmung und Auswertung: Patrick Schl\u00f6gl und Andreas W\u00fcrtenberger Starter: Walter Knapp Kantine: Harald Leitner<\/p>\n","protected":false},"author":21,"featured_media":0,"parent":0,"menu_order":0,"comment_status":"closed","ping_status":"closed","template":"","meta":{"wp_typography_post_enhancements_disabled":false},"_links":{"self":[{"href":"https:\/\/sv-oberperfuss.at\/rodel\/wp-json\/wp\/v2\/pages\/60"}],"collection":[{"href":"https:\/\/sv-oberperfuss.at\/rodel\/wp-json\/wp\/v2\/pages"}],"about":[{"href":"https:\/\/sv-oberperfuss.at\/rodel\/wp-json\/wp\/v2\/types\/page"}],"author":[{"embeddable":true,"href":"https:\/\/sv-oberperfuss.at\/rodel\/wp-json\/wp\/v2\/users\/21"}],"replies":[{"embeddable":true,"href":"https:\/\/sv-oberperfuss.at\/rodel\/wp-json\/wp\/v2\/comments?post=60"}],"version-history":[{"count":120,"href":"https:\/\/sv-oberperfuss.at\/rodel\/wp-json\/wp\/v2\/pages\/60\/revisions"}],"predecessor-version":[{"id":2195,"href":"https:\/\/sv-oberperfuss.at\/rodel\/wp-json\/wp\/v2\/pages\/60\/revisions\/2195"}],"wp:attachment":[{"href":"https:\/\/sv-oberperfuss.at\/rodel\/wp-json\/wp\/v2\/media?parent=60"}],"curies":[{"name":"wp","href":"https:\/\/api.w.org\/{rel}","templated":true}]}}