{"id":349,"date":"2009-10-11T13:36:15","date_gmt":"2009-10-11T11:36:15","guid":{"rendered":"https:\/\/sv-oberperfuss.at\/rodel\/?page_id=349"},"modified":"2016-01-20T10:58:16","modified_gmt":"2016-01-20T08:58:16","slug":"sportler","status":"publish","type":"page","link":"https:\/\/sv-oberperfuss.at\/rodel\/sportler\/","title":{"rendered":"Sportler"},"content":{"rendered":"<h1>Dominik KIRCHMAIR<\/h1>\n<p>geb:17.08.95<br>\nSternzeichen: L\u00f6we<\/p>\n<p>Meine Rodellaufbahn begann 2004 beim SV \u2011Oberperfu\u00df.Dort wurde ich herzlich aufgenommen und bestens betreut.Material und Trainer wurde mir zu Verf\u00fcgung gestellt.Mit viel Training konnte ich einige Erfolge einfahren.(siehe Film)Ich bin weiterhin Rodelsport begeistert und fahre heuer erstmals im Weltcup.<\/p>\n<p>Meine Hobbies sind:<\/p>\n<p>Rodeln,Motorradfahren,Traktorfahren,schwimmen,<br>\nklettern,landwirtschaftliche T\u00e4tigkeiten<\/p>\n<p>Eigenschaften:<\/p>\n<p>unterhaltsam, hyperaktiv, praktiker<\/p>\n<p><strong>gr\u00f6\u00dfte Erfolge:<\/strong><\/p>\n<ul>\n<li><strong>Tiroler Meister in der Junioren Klasse 2015<\/strong><\/li>\n<li><strong>&nbsp;\u00d6sterreichischer Meister in der Junioren Klasse 2014 und&nbsp;2015<\/strong><\/li>\n<li><strong>Junioren Europameister der Junioren 2015<\/strong><\/li>\n<\/ul>\n<h1>Daniel Unsinn<\/h1>\n<p>Geb: 18.01.1987<\/p>\n<p>Sternzeichen: Steinbock<\/p>\n<p>Beruf: Versicherungsfachmann<\/p>\n<p>Lieblngsspei\u00dfe: Rindssteak mit Ofenkartoffel<\/p>\n<p>Hobbys: Rodeln, Berg gian, schwimmen<\/p>\n<p>Eigenschaften: ehrgeizig, immer gut&nbsp;drauf<\/p>\n<p>gr\u00f6\u00dfte Erfolge:<\/p>\n<ul>\n<li><strong>mehrmaliger Vereinsmeister des SV Oberperfuss \u2014&nbsp;Rodel<\/strong><\/li>\n<\/ul>\n<h1>Wolfgang Huber<\/h1>\n<p>Geb: 04.06.1975<\/p>\n<p>Sternzeichen: Zwilling<\/p>\n<h1><\/h1>\n","protected":false},"excerpt":{"rendered":"<p>Dominik KIRCHMAIR geb:17.08.95 Sternzeichen: L\u00f6we Meine Rodellaufbahn begann 2004 beim SV \u2011Oberperfu\u00df.Dort wurde ich herzlich aufgenommen und bestens betreut.Material und Trainer wurde mir zu Verf\u00fcgung gestellt.Mit viel Training konnte ich einige Erfolge einfahren.(siehe Film)Ich bin weiterhin Rodelsport begeistert und fahre heuer erstmals im Weltcup. Meine Hobbies sind: Rodeln,Motorradfahren,Traktorfahren,schwimmen, klettern,landwirtschaftliche T\u00e4tigkeiten Eigenschaften: unterhaltsam, hyperaktiv, praktiker gr\u00f6\u00dfte&nbsp;[\u2026]<\/p>\n","protected":false},"author":21,"featured_media":0,"parent":0,"menu_order":0,"comment_status":"open","ping_status":"closed","template":"","meta":{"wp_typography_post_enhancements_disabled":false},"_links":{"self":[{"href":"https:\/\/sv-oberperfuss.at\/rodel\/wp-json\/wp\/v2\/pages\/349"}],"collection":[{"href":"https:\/\/sv-oberperfuss.at\/rodel\/wp-json\/wp\/v2\/pages"}],"about":[{"href":"https:\/\/sv-oberperfuss.at\/rodel\/wp-json\/wp\/v2\/types\/page"}],"author":[{"embeddable":true,"href":"https:\/\/sv-oberperfuss.at\/rodel\/wp-json\/wp\/v2\/users\/21"}],"replies":[{"embeddable":true,"href":"https:\/\/sv-oberperfuss.at\/rodel\/wp-json\/wp\/v2\/comments?post=349"}],"version-history":[{"count":14,"href":"https:\/\/sv-oberperfuss.at\/rodel\/wp-json\/wp\/v2\/pages\/349\/revisions"}],"predecessor-version":[{"id":1989,"href":"https:\/\/sv-oberperfuss.at\/rodel\/wp-json\/wp\/v2\/pages\/349\/revisions\/1989"}],"wp:attachment":[{"href":"https:\/\/sv-oberperfuss.at\/rodel\/wp-json\/wp\/v2\/media?parent=349"}],"curies":[{"name":"wp","href":"https:\/\/api.w.org\/{rel}","templated":true}]}}