{"id":283,"date":"2009-10-08T14:27:25","date_gmt":"2009-10-08T12:27:25","guid":{"rendered":"https:\/\/sv-oberperfuss.at\/rodel\/?page_id=283"},"modified":"2011-03-06T17:23:05","modified_gmt":"2011-03-06T15:23:05","slug":"ergebnisse","status":"publish","type":"page","link":"https:\/\/sv-oberperfuss.at\/rodel\/ergebnisse\/","title":{"rendered":"Ergebnisse"},"content":{"rendered":"<p><em><strong>Hier werden alle Aktuellen Ergebnise eingestellt<\/strong><\/em><\/p>\n<p><em><strong><a rel=\"attachment wp-att-713\" href=\"https:\/\/sv-oberperfuss.at\/rodel\/ergebnisse\/tiroler-meisterschaft-allg-klasse-5\/\">Tiroler Meisterschaft allg. Klasse in Umhausen<\/a><\/strong><\/em><\/p>\n<p><em><strong><a rel=\"attachment wp-att-756\" href=\"https:\/\/sv-oberperfuss.at\/rodel\/ergebnisse\/3-trvcup_offizielle_ergebnisliste_rennrodeln-2\/\">3.TRVCup_Offizielle_Ergebnisliste_Rennrodeln<\/a><\/strong><\/em><\/p>\n<p><em><strong><a rel=\"attachment wp-att-757\" href=\"https:\/\/sv-oberperfuss.at\/rodel\/ergebnisse\/oberperfuss_offizielle_ergebnisliste_sportrodeln-2\/\">Oberperfuss_Offizielle_Ergebnisliste_Sportrodeln 3 TRV&nbsp;Cup<\/a><\/strong><\/em><\/p>\n<p><em><strong><a rel=\"attachment wp-att-758\" href=\"https:\/\/sv-oberperfuss.at\/rodel\/ergebnisse\/oberperfuss_offizielle_ergebnisliste_doppelsitzer_sportrodeln-2\/\">Oberperfuss_Offizielle_Ergebnisliste_Doppelsitzer_Sportrodeln 3 TRV&nbsp;Cup<\/a><\/strong><\/em><\/p>\n<p><em><strong><a href=\"https:\/\/sv-oberperfuss.at\/rodel\/files\/2010\/01\/TM2010_Sportrodeln_Doppel.pdf\">TM2010_Sportrodeln_Doppel<\/a><\/strong><\/em><\/p>\n<p><em><strong><a href=\"https:\/\/sv-oberperfuss.at\/rodel\/files\/2010\/01\/TM2010_Sportrodeln_Einsitzer.pdf\">TM2010_Sportrodeln_Einsitzer<\/a><\/strong><\/em><\/p>\n<p><em><strong><a href=\"https:\/\/sv-oberperfuss.at\/rodel\/files\/2010\/01\/TM2010_Sportrodeln_Meisterliste.pdf\">TM2010_Sportrodeln_Meisterliste<\/a><\/strong><\/em><\/p>\n<p><em><strong><a href=\"https:\/\/sv-oberperfuss.at\/rodel\/files\/2011\/01\/4.VinzenzWegscheiderGedenkrennen_Sportrodeln_Einzel.pdf\">4.VinzenzWegscheiderGedenkrennen_Sportrodeln_Einzel<\/a><\/strong><\/em><\/p>\n<p><em><strong><a href=\"https:\/\/sv-oberperfuss.at\/rodel\/files\/2011\/01\/4.VinzenzWegscheiderGedenkrennen_Sportrodeln_Doppel.pdf\">4.VinzenzWegscheiderGedenkrennen_Sportrodeln_Doppel<\/a><\/strong><\/em><\/p>\n<p><em><strong><a href=\"https:\/\/sv-oberperfuss.at\/rodel\/files\/2011\/01\/4.VinzenzWegscheiderGedenkrennen_Rennrodeln_Einzel.pdf\">4.VinzenzWegscheiderGedenkrennen_Rennrodeln_Einzel<\/a><br>\n<\/strong><\/em><em><strong> <\/strong><\/em><\/p>\n<p><em><strong><a href=\"https:\/\/sv-oberperfuss.at\/rodel\/files\/2011\/01\/Traning-\u00d6sterreich-Einsitzer.pdf\">Traning \u00d6sterreich Einsitzer<\/a><\/strong><\/em><\/p>\n<p><em><strong><a href=\"https:\/\/sv-oberperfuss.at\/rodel\/files\/2011\/01\/Traning-\u00d6sterreich-Einsitzer-2Lauf.pdf\">Traning \u00d6sterreich Einsitzer 2Lauf<\/a><\/strong><\/em><\/p>\n<p><em><strong><a href=\"https:\/\/sv-oberperfuss.at\/rodel\/files\/2011\/01\/Traning-\u00d6sterreich-Doppel.pdf\">Traning \u00d6sterreich Doppel<\/a><\/strong><\/em><\/p>\n<p><em><strong><a href=\"https:\/\/sv-oberperfuss.at\/rodel\/files\/2011\/02\/Einsitzer1.pdf\">Einsitzer Gro\u00dfer Preis<\/a><\/strong><\/em><\/p>\n<p><em><strong><a href=\"https:\/\/sv-oberperfuss.at\/rodel\/files\/2011\/02\/Doppelsitzer.pdf\">Doppelsitzer Gro\u00dfer Preis<\/a><\/strong><\/em><\/p>\n<p><em><strong><a href=\"https:\/\/sv-oberperfuss.at\/rodel\/files\/2011\/02\/mannschaft-einsitzer.pdf\">Einsitzer Mannschaft Gro\u00dfer Preis<\/a><\/strong><\/em><\/p>\n<p><em><strong><a href=\"https:\/\/sv-oberperfuss.at\/rodel\/files\/2011\/02\/doppl-man.pdf\">Doppelsitzer Mannschaft Gro\u00dfer Preis<\/a><\/strong><\/em><\/p>\n<p><em><strong><a href=\"https:\/\/sv-oberperfuss.at\/rodel\/files\/2011\/02\/Vereinsmeisterschaft-2011-Einsitzer.pdf\">Vereinsmeisterschaft 2011 Einsitzer<\/a><\/strong><\/em><\/p>\n<p><em><strong><a href=\"https:\/\/sv-oberperfuss.at\/rodel\/files\/2011\/02\/Vereinsmeisterschaft-2011-Doppelsitzer.pdf\">Vereinsmeisterschaft 2011 Doppelsitzer<\/a><\/strong><\/em><\/p>\n<p><em><strong><a href=\"https:\/\/sv-oberperfuss.at\/rodel\/files\/2011\/02\/Vereinsmeisterschaft-2011-Vereinsmeister.pdf\">Vereinsmeisterschaft 2011 Vereinsmeister<\/a><\/strong><\/em><\/p>\n<p><em><strong><a href=\"https:\/\/sv-oberperfuss.at\/rodel\/files\/2011\/02\/Vereinsmeisterschaft-2011-Mannschaft-H.pdf\">Vereinsmeisterschaft 2011 Mannschaft<\/a><\/strong><\/em><\/p>\n<p><em><strong><a href=\"https:\/\/sv-oberperfuss.at\/rodel\/files\/2011\/02\/Vereinsmeisterschaft-2011-Mannschaft-D.pdf\">Vereinsmeisterschaft 2011 Mannschaft Damen<\/a><\/strong><\/em><\/p>\n<p><em><strong><a href=\"https:\/\/sv-oberperfuss.at\/rodel\/files\/2011\/03\/TRV-Cup-Finale-Rennrodeln.pdf\">TRV-Cup Finale Rennrodeln<\/a><\/strong><\/em><\/p>\n<p><em><strong><a href=\"https:\/\/sv-oberperfuss.at\/rodel\/files\/2011\/03\/TRV-Cup-Finale-Sportrodeln.pdf\">TRV-Cup Finale Sportrodeln<\/a><br>\n<\/strong><\/em><\/p>\n","protected":false},"excerpt":{"rendered":"<p>Hier werden alle Aktuellen Ergebnise eingestellt Tiroler Meisterschaft allg. Klasse in Umhausen 3.TRVCup_Offizielle_Ergebnisliste_Rennrodeln Oberperfuss_Offizielle_Ergebnisliste_Sportrodeln 3 TRV&nbsp;Cup Oberperfuss_Offizielle_Ergebnisliste_Doppelsitzer_Sportrodeln 3 TRV&nbsp;Cup TM2010_Sportrodeln_Doppel TM2010_Sportrodeln_Einsitzer TM2010_Sportrodeln_Meisterliste 4.VinzenzWegscheiderGedenkrennen_Sportrodeln_Einzel 4.VinzenzWegscheiderGedenkrennen_Sportrodeln_Doppel 4.VinzenzWegscheiderGedenkrennen_Rennrodeln_Einzel Traning \u00d6sterreich Einsitzer Traning \u00d6sterreich Einsitzer 2Lauf Traning \u00d6sterreich Doppel Einsitzer Gro\u00dfer Preis Doppelsitzer Gro\u00dfer Preis Einsitzer Mannschaft Gro\u00dfer Preis Doppelsitzer Mannschaft Gro\u00dfer Preis Vereinsmeisterschaft 2011 Einsitzer Vereinsmeisterschaft 2011 Doppelsitzer&nbsp;[\u2026]<\/p>\n","protected":false},"author":21,"featured_media":0,"parent":0,"menu_order":0,"comment_status":"open","ping_status":"closed","template":"","meta":{"wp_typography_post_enhancements_disabled":false},"_links":{"self":[{"href":"https:\/\/sv-oberperfuss.at\/rodel\/wp-json\/wp\/v2\/pages\/283"}],"collection":[{"href":"https:\/\/sv-oberperfuss.at\/rodel\/wp-json\/wp\/v2\/pages"}],"about":[{"href":"https:\/\/sv-oberperfuss.at\/rodel\/wp-json\/wp\/v2\/types\/page"}],"author":[{"embeddable":true,"href":"https:\/\/sv-oberperfuss.at\/rodel\/wp-json\/wp\/v2\/users\/21"}],"replies":[{"embeddable":true,"href":"https:\/\/sv-oberperfuss.at\/rodel\/wp-json\/wp\/v2\/comments?post=283"}],"version-history":[{"count":27,"href":"https:\/\/sv-oberperfuss.at\/rodel\/wp-json\/wp\/v2\/pages\/283\/revisions"}],"predecessor-version":[{"id":1259,"href":"https:\/\/sv-oberperfuss.at\/rodel\/wp-json\/wp\/v2\/pages\/283\/revisions\/1259"}],"wp:attachment":[{"href":"https:\/\/sv-oberperfuss.at\/rodel\/wp-json\/wp\/v2\/media?parent=283"}],"curies":[{"name":"wp","href":"https:\/\/api.w.org\/{rel}","templated":true}]}}