{"id":636,"date":"2010-04-23T10:41:03","date_gmt":"2010-04-23T08:41:03","guid":{"rendered":"https:\/\/sv-oberperfuss.at\/fussball\/?page_id=636"},"modified":"2026-01-16T13:12:47","modified_gmt":"2026-01-16T11:12:47","slug":"sponsoren","status":"publish","type":"page","link":"https:\/\/sv-oberperfuss.at\/fussball\/sponsoren\/","title":{"rendered":"Sponsoren"},"content":{"rendered":"\n<p><strong>Sponsoren \u2014 Partner:&nbsp;<\/strong><\/p>\n<p>Die finanziellen Zuwendungen der zahlreichen Sponsoren der Sektion Fu\u00dfball des SV Oberperfuss kommen insbesonders der Jugendf\u00f6rderung und Nachwuchsarbeit zu Gute. M\u00f6glichkeiten des Sponsoring:<\/p>\n<p><strong>Leistungen Sektion Fu\u00dfball<\/strong><\/p>\n<p><strong>Transparent-Sponsoring: <br><\/strong>Aushang Sponsortransparent am Sportplatz Oberperfuss f\u00fcr 1 Jahr + Saisonkarte f\u00fcr Sponsor <strong><br><br><\/strong>Kosten: \u20ac 350,- pro Jahr (3x 1 Meter)+ Herstellungskosten des Transparents von \u20ac 100,-\/lfm (sofern Sponsor kein eigenes Transparent zur Verf\u00fcgung stellt), gr\u00f6\u00dfere Transparente nach Vereinbarung m\u00f6glich<\/p>\n<p><strong>Match-Sponsoring<\/strong>:<br>nach Vereinbarung (z.B. Kampfmannschaft spielt mit Sponsor-Dress, Lautsprecher-Durchsagen, Verlosung von Sponsor-Produkten etc.)&nbsp;<\/p>\n<p>Kosten: nach Vereinbarung<\/p>\n<p><strong>Matchball-Sponsoring:<\/strong><br>Lautsprecher-Durchsagen des Sponsors im Rahmen eines Meisterschaftsspiels der Kampfmannschaft<br><br>Kosten: Matchball \u20ac&nbsp;130,-<\/p>\n<p><strong>Saisonkarten-Sponsoring:<\/strong><br>Aufdruck Sponsor Logo auf den Saisonkarten<br><br>Kosten: nach Vereinbarung<\/p>\n<p>&nbsp;<\/p>\n<p>Unsere Sponsoren:<\/p>\n<p><strong>Hauptsponsor Kampfmannschaft:<\/strong><\/p>\n<p><img loading=\"lazy\" class src=\"https:\/\/www.weber-betonpumpen.at\/wp-content\/uploads\/2021\/06\/weber-beton-logo.svg\" alt=\"Weber Beton Logistik GmbH\" width=\"588\" height=\"251\"><\/p>\n\n<p>&nbsp;<\/p>\n<p><strong>Hauptsponsoren&nbsp; Nachwuchsmannschaften:<\/strong><\/p>\n<p><a href=\"https:\/\/sv-oberperfuss.at\/fussball\/files\/2022\/08\/Logo_Vektor-Vereinfacht_Seite_2-scaled.jpg\"><img loading=\"lazy\" class=\"alignnone size-medium wp-image-5411\" src=\"https:\/\/sv-oberperfuss.at\/fussball\/files\/2022\/08\/Logo_Vektor-Vereinfacht_Seite_2-300x214.jpg\" alt width=\"300\" height=\"214\" srcset=\"https:\/\/sv-oberperfuss.at\/fussball\/files\/2022\/08\/Logo_Vektor-Vereinfacht_Seite_2-300x214.jpg 300w, https:\/\/sv-oberperfuss.at\/fussball\/files\/2022\/08\/Logo_Vektor-Vereinfacht_Seite_2-1024x732.jpg 1024w, https:\/\/sv-oberperfuss.at\/fussball\/files\/2022\/08\/Logo_Vektor-Vereinfacht_Seite_2-768x549.jpg 768w, https:\/\/sv-oberperfuss.at\/fussball\/files\/2022\/08\/Logo_Vektor-Vereinfacht_Seite_2-1536x1097.jpg 1536w, https:\/\/sv-oberperfuss.at\/fussball\/files\/2022\/08\/Logo_Vektor-Vereinfacht_Seite_2-2048x1463.jpg 2048w\" sizes=\"(max-width: 300px) 100vw, 300px\"><\/a><img loading=\"lazy\" class src=\"https:\/\/www.mk-oberperfuss.at\/wp-content\/uploads\/2016\/04\/Raiffeisenbank-Kematen-1.jpg\" alt=\"Raiffeisenbank Kematen eGen \u2013 Peter-Anich-Musikkapelle Oberperfuss\" width=\"593\" height=\"152\"><\/p>\n<p>&nbsp;<\/p>\n<p><strong>Transparentsponsoren:<\/strong><\/p>\n<p><a href=\"https:\/\/sv-oberperfuss.at\/fussball\/files\/2022\/08\/Bild.jpg\"><img loading=\"lazy\" class=\"alignnone size-medium wp-image-5413\" src=\"https:\/\/sv-oberperfuss.at\/fussball\/files\/2022\/08\/Bild-300x180.jpg\" alt width=\"300\" height=\"180\" srcset=\"https:\/\/sv-oberperfuss.at\/fussball\/files\/2022\/08\/Bild-300x180.jpg 300w, https:\/\/sv-oberperfuss.at\/fussball\/files\/2022\/08\/Bild-1024x615.jpg 1024w, https:\/\/sv-oberperfuss.at\/fussball\/files\/2022\/08\/Bild-768x462.jpg 768w, https:\/\/sv-oberperfuss.at\/fussball\/files\/2022\/08\/Bild-1536x923.jpg 1536w, https:\/\/sv-oberperfuss.at\/fussball\/files\/2022\/08\/Bild.jpg 1890w\" sizes=\"(max-width: 300px) 100vw, 300px\"><\/a> <a href=\"https:\/\/sv-oberperfuss.at\/fussball\/files\/2022\/08\/Bild2.jpg\"><img loading=\"lazy\" class=\"alignnone  wp-image-5414\" src=\"https:\/\/sv-oberperfuss.at\/fussball\/files\/2022\/08\/Bild2-300x57.jpg\" alt width=\"421\" height=\"80\" srcset=\"https:\/\/sv-oberperfuss.at\/fussball\/files\/2022\/08\/Bild2-300x57.jpg 300w, https:\/\/sv-oberperfuss.at\/fussball\/files\/2022\/08\/Bild2-1024x193.jpg 1024w, https:\/\/sv-oberperfuss.at\/fussball\/files\/2022\/08\/Bild2-768x145.jpg 768w, https:\/\/sv-oberperfuss.at\/fussball\/files\/2022\/08\/Bild2-1536x290.jpg 1536w, https:\/\/sv-oberperfuss.at\/fussball\/files\/2022\/08\/Bild2.jpg 1890w\" sizes=\"(max-width: 421px) 100vw, 421px\"><\/a><a href=\"https:\/\/sv-oberperfuss.at\/fussball\/files\/2022\/08\/bb_logo_2020_300b.png\"><img loading=\"lazy\" class=\"alignnone  wp-image-5449\" src=\"https:\/\/sv-oberperfuss.at\/fussball\/files\/2022\/08\/bb_logo_2020_300b-300x300.png\" alt width=\"250\" height=\"250\" srcset=\"https:\/\/sv-oberperfuss.at\/fussball\/files\/2022\/08\/bb_logo_2020_300b.png 300w, https:\/\/sv-oberperfuss.at\/fussball\/files\/2022\/08\/bb_logo_2020_300b-150x150.png 150w\" sizes=\"(max-width: 250px) 100vw, 250px\"><\/a><a href=\"https:\/\/sv-oberperfuss.at\/fussball\/files\/2022\/08\/Team6_LogoZulassungsstelle-NEU-2020.png\"><img loading=\"lazy\" class=\"alignnone size-medium wp-image-5446\" src=\"https:\/\/sv-oberperfuss.at\/fussball\/files\/2022\/08\/Team6_LogoZulassungsstelle-NEU-2020-300x72.png\" alt width=\"300\" height=\"72\" srcset=\"https:\/\/sv-oberperfuss.at\/fussball\/files\/2022\/08\/Team6_LogoZulassungsstelle-NEU-2020-300x72.png 300w, https:\/\/sv-oberperfuss.at\/fussball\/files\/2022\/08\/Team6_LogoZulassungsstelle-NEU-2020.png 700w\" sizes=\"(max-width: 300px) 100vw, 300px\"><\/a> &nbsp;<a href=\"https:\/\/sv-oberperfuss.at\/fussball\/files\/2022\/08\/Bild4.jpg\"><img loading=\"lazy\" class=\"alignnone size-medium wp-image-5416\" src=\"https:\/\/sv-oberperfuss.at\/fussball\/files\/2022\/08\/Bild4-300x93.jpg\" alt width=\"300\" height=\"93\" srcset=\"https:\/\/sv-oberperfuss.at\/fussball\/files\/2022\/08\/Bild4-300x93.jpg 300w, https:\/\/sv-oberperfuss.at\/fussball\/files\/2022\/08\/Bild4-768x239.jpg 768w, https:\/\/sv-oberperfuss.at\/fussball\/files\/2022\/08\/Bild4.jpg 1002w\" sizes=\"(max-width: 300px) 100vw, 300px\"><\/a> <a href=\"https:\/\/sv-oberperfuss.at\/fussball\/files\/2022\/08\/Bild5.jpg\"><img loading=\"lazy\" class=\"size-medium wp-image-5417 alignright\" src=\"https:\/\/sv-oberperfuss.at\/fussball\/files\/2022\/08\/Bild5.jpg\" alt width=\"185\" height=\"185\" srcset=\"https:\/\/sv-oberperfuss.at\/fussball\/files\/2022\/08\/Bild5.jpg 185w, https:\/\/sv-oberperfuss.at\/fussball\/files\/2022\/08\/Bild5-150x150.jpg 150w\" sizes=\"(max-width: 185px) 100vw, 185px\"><\/a> <a href=\"https:\/\/sv-oberperfuss.at\/fussball\/files\/2022\/08\/Bild6.jpg\"><img loading=\"lazy\" class=\"alignnone size-medium wp-image-5418\" src=\"https:\/\/sv-oberperfuss.at\/fussball\/files\/2022\/08\/Bild6-300x83.jpg\" alt width=\"300\" height=\"83\" srcset=\"https:\/\/sv-oberperfuss.at\/fussball\/files\/2022\/08\/Bild6-300x83.jpg 300w, https:\/\/sv-oberperfuss.at\/fussball\/files\/2022\/08\/Bild6.jpg 605w\" sizes=\"(max-width: 300px) 100vw, 300px\"><\/a> <a href=\"https:\/\/sv-oberperfuss.at\/fussball\/files\/2022\/08\/Bild7.jpg\"><img loading=\"lazy\" class=\"wp-image-5419 alignright\" src=\"https:\/\/sv-oberperfuss.at\/fussball\/files\/2022\/08\/Bild7.jpg\" alt width=\"228\" height=\"38\"><\/a><a href=\"https:\/\/sv-oberperfuss.at\/fussball\/files\/2022\/08\/Bild9.jpg\"><img loading=\"lazy\" class=\"wp-image-5421 alignright\" src=\"https:\/\/sv-oberperfuss.at\/fussball\/files\/2022\/08\/Bild9.jpg\" alt width=\"197\" height=\"66\"><\/a> <a href=\"https:\/\/sv-oberperfuss.at\/fussball\/files\/2022\/08\/Bild10.jpg\"><img loading=\"lazy\" class=\"alignnone size-medium wp-image-5422\" src=\"https:\/\/sv-oberperfuss.at\/fussball\/files\/2022\/08\/Bild10.jpg\" alt width=\"217\" height=\"200\"><\/a> <a href=\"https:\/\/sv-oberperfuss.at\/fussball\/files\/2022\/08\/Bild11.jpg\"><img loading=\"lazy\" class=\"alignnone size-medium wp-image-5423\" src=\"https:\/\/sv-oberperfuss.at\/fussball\/files\/2022\/08\/Bild11-300x97.jpg\" alt width=\"300\" height=\"97\" srcset=\"https:\/\/sv-oberperfuss.at\/fussball\/files\/2022\/08\/Bild11-300x97.jpg 300w, https:\/\/sv-oberperfuss.at\/fussball\/files\/2022\/08\/Bild11.jpg 347w\" sizes=\"(max-width: 300px) 100vw, 300px\"><\/a> <a href=\"https:\/\/sv-oberperfuss.at\/fussball\/files\/2022\/08\/Bild12.jpg\"><img loading=\"lazy\" class=\"alignnone size-medium wp-image-5424\" src=\"https:\/\/sv-oberperfuss.at\/fussball\/files\/2022\/08\/Bild12.jpg\" alt width=\"206\" height=\"98\"><\/a> <a href=\"https:\/\/sv-oberperfuss.at\/fussball\/files\/2022\/08\/Bild13.jpg\"><img loading=\"lazy\" class=\"alignnone size-medium wp-image-5425\" src=\"https:\/\/sv-oberperfuss.at\/fussball\/files\/2022\/08\/Bild13-300x118.jpg\" alt width=\"300\" height=\"118\" srcset=\"https:\/\/sv-oberperfuss.at\/fussball\/files\/2022\/08\/Bild13-300x118.jpg 300w, https:\/\/sv-oberperfuss.at\/fussball\/files\/2022\/08\/Bild13-768x301.jpg 768w, https:\/\/sv-oberperfuss.at\/fussball\/files\/2022\/08\/Bild13.jpg 953w\" sizes=\"(max-width: 300px) 100vw, 300px\"><\/a> <a href=\"https:\/\/sv-oberperfuss.at\/fussball\/files\/2022\/08\/Bild14.jpg\"><img loading=\"lazy\" class=\"alignnone size-medium wp-image-5426\" src=\"https:\/\/sv-oberperfuss.at\/fussball\/files\/2022\/08\/Bild14.jpg\" alt width=\"232\" height=\"59\"><\/a> <a href=\"https:\/\/sv-oberperfuss.at\/fussball\/files\/2022\/08\/Bild15.jpg\"><img loading=\"lazy\" class=\"alignnone size-medium wp-image-5427\" src=\"https:\/\/sv-oberperfuss.at\/fussball\/files\/2022\/08\/Bild15.jpg\" alt width=\"200\" height=\"200\" srcset=\"https:\/\/sv-oberperfuss.at\/fussball\/files\/2022\/08\/Bild15.jpg 200w, https:\/\/sv-oberperfuss.at\/fussball\/files\/2022\/08\/Bild15-150x150.jpg 150w\" sizes=\"(max-width: 200px) 100vw, 200px\"><\/a> <a href=\"https:\/\/sv-oberperfuss.at\/fussball\/files\/2022\/08\/Bild16.jpg\"><img loading=\"lazy\" class=\"alignnone size-medium wp-image-5428\" src=\"https:\/\/sv-oberperfuss.at\/fussball\/files\/2022\/08\/Bild16-300x96.jpg\" alt width=\"300\" height=\"96\" srcset=\"https:\/\/sv-oberperfuss.at\/fussball\/files\/2022\/08\/Bild16-300x96.jpg 300w, https:\/\/sv-oberperfuss.at\/fussball\/files\/2022\/08\/Bild16-768x246.jpg 768w, https:\/\/sv-oberperfuss.at\/fussball\/files\/2022\/08\/Bild16.jpg 945w\" sizes=\"(max-width: 300px) 100vw, 300px\"><\/a> <a href=\"https:\/\/sv-oberperfuss.at\/fussball\/files\/2022\/08\/Bild17.jpg\"><img loading=\"lazy\" class=\"alignnone  wp-image-5429\" src=\"https:\/\/sv-oberperfuss.at\/fussball\/files\/2022\/08\/Bild17.jpg\" alt width=\"262\" height=\"149\"><\/a> &nbsp;<a href=\"https:\/\/sv-oberperfuss.at\/fussball\/files\/2022\/08\/Bild19.png\"><img loading=\"lazy\" class=\"alignnone  wp-image-5431\" src=\"https:\/\/sv-oberperfuss.at\/fussball\/files\/2022\/08\/Bild19.png\" alt width=\"208\" height=\"86\"><\/a> <a href=\"https:\/\/sv-oberperfuss.at\/fussball\/files\/2022\/08\/Bild20.jpg\"><img loading=\"lazy\" class=\"alignnone size-medium wp-image-5432\" src=\"https:\/\/sv-oberperfuss.at\/fussball\/files\/2022\/08\/Bild20.jpg\" alt width=\"139\" height=\"139\"><\/a> &nbsp;<a href=\"https:\/\/sv-oberperfuss.at\/fussball\/files\/2022\/08\/Bild22-scaled.jpg\"><img loading=\"lazy\" class=\"alignnone size-medium wp-image-5434\" src=\"https:\/\/sv-oberperfuss.at\/fussball\/files\/2022\/08\/Bild22-212x300.jpg\" alt width=\"212\" height=\"300\" srcset=\"https:\/\/sv-oberperfuss.at\/fussball\/files\/2022\/08\/Bild22-212x300.jpg 212w, https:\/\/sv-oberperfuss.at\/fussball\/files\/2022\/08\/Bild22-724x1024.jpg 724w, https:\/\/sv-oberperfuss.at\/fussball\/files\/2022\/08\/Bild22-768x1086.jpg 768w, https:\/\/sv-oberperfuss.at\/fussball\/files\/2022\/08\/Bild22-1086x1536.jpg 1086w, https:\/\/sv-oberperfuss.at\/fussball\/files\/2022\/08\/Bild22-1449x2048.jpg 1449w, https:\/\/sv-oberperfuss.at\/fussball\/files\/2022\/08\/Bild22-scaled.jpg 1811w\" sizes=\"(max-width: 212px) 100vw, 212px\"><\/a> <a href=\"https:\/\/sv-oberperfuss.at\/fussball\/files\/2022\/08\/Bild23.jpg\"><img loading=\"lazy\" class=\"alignnone size-medium wp-image-5435\" src=\"https:\/\/sv-oberperfuss.at\/fussball\/files\/2022\/08\/Bild23-300x61.jpg\" alt width=\"300\" height=\"61\" srcset=\"https:\/\/sv-oberperfuss.at\/fussball\/files\/2022\/08\/Bild23-300x61.jpg 300w, https:\/\/sv-oberperfuss.at\/fussball\/files\/2022\/08\/Bild23.jpg 446w\" sizes=\"(max-width: 300px) 100vw, 300px\"><\/a> <a href=\"https:\/\/sv-oberperfuss.at\/fussball\/files\/2022\/08\/Bild24.jpg\"><img loading=\"lazy\" class=\"alignnone size-medium wp-image-5436\" src=\"https:\/\/sv-oberperfuss.at\/fussball\/files\/2022\/08\/Bild24-300x186.jpg\" alt width=\"300\" height=\"186\" srcset=\"https:\/\/sv-oberperfuss.at\/fussball\/files\/2022\/08\/Bild24-300x186.jpg 300w, https:\/\/sv-oberperfuss.at\/fussball\/files\/2022\/08\/Bild24.jpg 323w\" sizes=\"(max-width: 300px) 100vw, 300px\"><\/a> <a href=\"https:\/\/sv-oberperfuss.at\/fussball\/files\/2022\/08\/Bild27.jpg\"><img loading=\"lazy\" class=\"alignnone size-medium wp-image-5438\" src=\"https:\/\/sv-oberperfuss.at\/fussball\/files\/2022\/08\/Bild27.jpg\" alt width=\"220\" height=\"130\"><\/a> <a href=\"https:\/\/sv-oberperfuss.at\/fussball\/files\/2022\/08\/Bild28.jpg\"><img loading=\"lazy\" class=\"alignnone size-medium wp-image-5439\" src=\"https:\/\/sv-oberperfuss.at\/fussball\/files\/2022\/08\/Bild28-300x114.jpg\" alt width=\"300\" height=\"114\" srcset=\"https:\/\/sv-oberperfuss.at\/fussball\/files\/2022\/08\/Bild28-300x114.jpg 300w, https:\/\/sv-oberperfuss.at\/fussball\/files\/2022\/08\/Bild28.jpg 605w\" sizes=\"(max-width: 300px) 100vw, 300px\"><\/a> <a href=\"https:\/\/sv-oberperfuss.at\/fussball\/files\/2022\/08\/Bild29.jpg\"><img loading=\"lazy\" class=\"alignnone size-medium wp-image-5440\" src=\"https:\/\/sv-oberperfuss.at\/fussball\/files\/2022\/08\/Bild29-300x143.jpg\" alt width=\"300\" height=\"143\" srcset=\"https:\/\/sv-oberperfuss.at\/fussball\/files\/2022\/08\/Bild29-300x143.jpg 300w, https:\/\/sv-oberperfuss.at\/fussball\/files\/2022\/08\/Bild29.jpg 405w\" sizes=\"(max-width: 300px) 100vw, 300px\"><\/a> <a href=\"https:\/\/sv-oberperfuss.at\/fussball\/files\/2022\/08\/Bild31.jpg\"><img loading=\"lazy\" class=\"alignnone size-medium wp-image-5442\" src=\"https:\/\/sv-oberperfuss.at\/fussball\/files\/2022\/08\/Bild31.jpg\" alt width=\"274\" height=\"76\"><\/a> &nbsp;<a href=\"https:\/\/sv-oberperfuss.at\/fussball\/files\/2022\/08\/Bild33.jpg\"><img loading=\"lazy\" class=\"size-medium wp-image-5444 alignleft\" src=\"https:\/\/sv-oberperfuss.at\/fussball\/files\/2022\/08\/Bild33.jpg\" alt width=\"300\" height=\"167\"><\/a><a href=\"https:\/\/sv-oberperfuss.at\/fussball\/files\/2022\/08\/Bild30.jpg\"><img loading=\"lazy\" class=\"wp-image-5441 alignnone\" src=\"https:\/\/sv-oberperfuss.at\/fussball\/files\/2022\/08\/Bild30.jpg\" alt width=\"160\" height=\"154\"> <\/a><a href=\"https:\/\/sv-oberperfuss.at\/fussball\/files\/2022\/08\/STOT-Werbetechnik-GmbH.jpg\"><img loading=\"lazy\" class=\"size-full wp-image-5447 alignnone\" src=\"https:\/\/sv-oberperfuss.at\/fussball\/files\/2022\/08\/STOT-Werbetechnik-GmbH.jpg\" alt width=\"226\" height=\"160\"><\/a><a href=\"https:\/\/sv-oberperfuss.at\/fussball\/files\/2022\/08\/Logo.png\"><img loading=\"lazy\" class=\"size-medium wp-image-5450 alignleft\" src=\"https:\/\/sv-oberperfuss.at\/fussball\/files\/2022\/08\/Logo-300x69.png\" alt width=\"300\" height=\"69\" srcset=\"https:\/\/sv-oberperfuss.at\/fussball\/files\/2022\/08\/Logo-300x69.png 300w, https:\/\/sv-oberperfuss.at\/fussball\/files\/2022\/08\/Logo-768x176.png 768w, https:\/\/sv-oberperfuss.at\/fussball\/files\/2022\/08\/Logo.png 871w\" sizes=\"(max-width: 300px) 100vw, 300px\"><\/a><a href=\"https:\/\/sv-oberperfuss.at\/fussball\/files\/2022\/08\/rowa-CMYK-kurz-1024x223-1.png\"><img loading=\"lazy\" class=\"size-medium wp-image-5451 alignright\" src=\"https:\/\/sv-oberperfuss.at\/fussball\/files\/2022\/08\/rowa-CMYK-kurz-1024x223-1-300x65.png\" alt width=\"300\" height=\"65\" srcset=\"https:\/\/sv-oberperfuss.at\/fussball\/files\/2022\/08\/rowa-CMYK-kurz-1024x223-1-300x65.png 300w, https:\/\/sv-oberperfuss.at\/fussball\/files\/2022\/08\/rowa-CMYK-kurz-1024x223-1-768x167.png 768w, https:\/\/sv-oberperfuss.at\/fussball\/files\/2022\/08\/rowa-CMYK-kurz-1024x223-1.png 1024w\" sizes=\"(max-width: 300px) 100vw, 300px\"><\/a><a href=\"https:\/\/sv-oberperfuss.at\/fussball\/files\/2022\/08\/Logo-laenglich.jpg\"><img loading=\"lazy\" class=\"size-medium wp-image-5452 alignright\" src=\"https:\/\/sv-oberperfuss.at\/fussball\/files\/2022\/08\/Logo-laenglich-300x90.jpg\" alt width=\"300\" height=\"90\" srcset=\"https:\/\/sv-oberperfuss.at\/fussball\/files\/2022\/08\/Logo-laenglich-300x90.jpg 300w, https:\/\/sv-oberperfuss.at\/fussball\/files\/2022\/08\/Logo-laenglich-768x230.jpg 768w, https:\/\/sv-oberperfuss.at\/fussball\/files\/2022\/08\/Logo-laenglich.jpg 800w\" sizes=\"(max-width: 300px) 100vw, 300px\"><\/a><a href=\"https:\/\/sv-oberperfuss.at\/fussball\/files\/2022\/08\/logo-hotel-krone.jpg\"><img loading=\"lazy\" class=\"size-medium wp-image-5453 alignleft\" src=\"https:\/\/sv-oberperfuss.at\/fussball\/files\/2022\/08\/logo-hotel-krone-300x116.jpg\" alt width=\"300\" height=\"116\" srcset=\"https:\/\/sv-oberperfuss.at\/fussball\/files\/2022\/08\/logo-hotel-krone-300x116.jpg 300w, https:\/\/sv-oberperfuss.at\/fussball\/files\/2022\/08\/logo-hotel-krone-768x297.jpg 768w, https:\/\/sv-oberperfuss.at\/fussball\/files\/2022\/08\/logo-hotel-krone.jpg 823w\" sizes=\"(max-width: 300px) 100vw, 300px\"><\/a><a href=\"https:\/\/sv-oberperfuss.at\/fussball\/files\/2022\/08\/M1-logo.png\"><img loading=\"lazy\" class=\"size-medium wp-image-5454 alignnone\" src=\"https:\/\/sv-oberperfuss.at\/fussball\/files\/2022\/08\/M1-logo.png\" alt width=\"219\" height=\"110\"><\/a><a href=\"https:\/\/sv-oberperfuss.at\/fussball\/files\/2022\/08\/Metalldesign_Logo_03-e1541864299974-scaled.jpg\"><img loading=\"lazy\" class=\"alignnone size-medium wp-image-5456\" src=\"https:\/\/sv-oberperfuss.at\/fussball\/files\/2022\/08\/Metalldesign_Logo_03-e1541864299974-300x200.jpg\" alt width=\"300\" height=\"200\" srcset=\"https:\/\/sv-oberperfuss.at\/fussball\/files\/2022\/08\/Metalldesign_Logo_03-e1541864299974-300x200.jpg 300w, https:\/\/sv-oberperfuss.at\/fussball\/files\/2022\/08\/Metalldesign_Logo_03-e1541864299974-1024x682.jpg 1024w, https:\/\/sv-oberperfuss.at\/fussball\/files\/2022\/08\/Metalldesign_Logo_03-e1541864299974-768x512.jpg 768w, https:\/\/sv-oberperfuss.at\/fussball\/files\/2022\/08\/Metalldesign_Logo_03-e1541864299974-1536x1023.jpg 1536w, https:\/\/sv-oberperfuss.at\/fussball\/files\/2022\/08\/Metalldesign_Logo_03-e1541864299974-2048x1365.jpg 2048w\" sizes=\"(max-width: 300px) 100vw, 300px\"><\/a><img loading=\"lazy\" class=\"wp-image-5457 alignleft\" src=\"https:\/\/sv-oberperfuss.at\/fussball\/files\/2022\/08\/Bezirksblaetter_Logo_CMYK-page-001-scaled-1-300x300.jpg\" alt width=\"274\" height=\"274\" srcset=\"https:\/\/sv-oberperfuss.at\/fussball\/files\/2022\/08\/Bezirksblaetter_Logo_CMYK-page-001-scaled-1-300x300.jpg 300w, https:\/\/sv-oberperfuss.at\/fussball\/files\/2022\/08\/Bezirksblaetter_Logo_CMYK-page-001-scaled-1-1024x1024.jpg 1024w, https:\/\/sv-oberperfuss.at\/fussball\/files\/2022\/08\/Bezirksblaetter_Logo_CMYK-page-001-scaled-1-150x150.jpg 150w, https:\/\/sv-oberperfuss.at\/fussball\/files\/2022\/08\/Bezirksblaetter_Logo_CMYK-page-001-scaled-1-768x768.jpg 768w, https:\/\/sv-oberperfuss.at\/fussball\/files\/2022\/08\/Bezirksblaetter_Logo_CMYK-page-001-scaled-1-1536x1536.jpg 1536w, https:\/\/sv-oberperfuss.at\/fussball\/files\/2022\/08\/Bezirksblaetter_Logo_CMYK-page-001-scaled-1-2048x2048.jpg 2048w\" sizes=\"(max-width: 274px) 100vw, 274px\"><img loading=\"lazy\" class=\"size-medium wp-image-5455 alignnone\" src=\"https:\/\/sv-oberperfuss.at\/fussball\/files\/2022\/08\/logo.jpg\" alt width=\"250\" height=\"250\" srcset=\"https:\/\/sv-oberperfuss.at\/fussball\/files\/2022\/08\/logo.jpg 250w, https:\/\/sv-oberperfuss.at\/fussball\/files\/2022\/08\/logo-150x150.jpg 150w\" sizes=\"(max-width: 250px) 100vw, 250px\"><\/p>","protected":false},"excerpt":{"rendered":"<p>&nbsp; Hauptsponsoren&nbsp; Nachwuchsmannschaften: &nbsp; Transparentsponsoren:&nbsp;<\/p>\n","protected":false},"author":8,"featured_media":0,"parent":0,"menu_order":3,"comment_status":"open","ping_status":"closed","template":"","meta":{"wp_typography_post_enhancements_disabled":false},"_links":{"self":[{"href":"https:\/\/sv-oberperfuss.at\/fussball\/wp-json\/wp\/v2\/pages\/636"}],"collection":[{"href":"https:\/\/sv-oberperfuss.at\/fussball\/wp-json\/wp\/v2\/pages"}],"about":[{"href":"https:\/\/sv-oberperfuss.at\/fussball\/wp-json\/wp\/v2\/types\/page"}],"author":[{"embeddable":true,"href":"https:\/\/sv-oberperfuss.at\/fussball\/wp-json\/wp\/v2\/users\/8"}],"replies":[{"embeddable":true,"href":"https:\/\/sv-oberperfuss.at\/fussball\/wp-json\/wp\/v2\/comments?post=636"}],"version-history":[{"count":75,"href":"https:\/\/sv-oberperfuss.at\/fussball\/wp-json\/wp\/v2\/pages\/636\/revisions"}],"predecessor-version":[{"id":5564,"href":"https:\/\/sv-oberperfuss.at\/fussball\/wp-json\/wp\/v2\/pages\/636\/revisions\/5564"}],"wp:attachment":[{"href":"https:\/\/sv-oberperfuss.at\/fussball\/wp-json\/wp\/v2\/media?parent=636"}],"curies":[{"name":"wp","href":"https:\/\/api.w.org\/{rel}","templated":true}]}}