{"id":2954,"date":"2013-05-01T20:58:50","date_gmt":"2013-05-01T18:58:50","guid":{"rendered":"https:\/\/sv-oberperfuss.at\/fussball\/?page_id=2954"},"modified":"2026-01-16T13:06:08","modified_gmt":"2026-01-16T11:06:08","slug":"information","status":"publish","type":"page","link":"https:\/\/sv-oberperfuss.at\/fussball\/information\/","title":{"rendered":"INFORMATION"},"content":{"rendered":"<h1 id=\"2~848438411415993668:article:title\">SV Oberperfuss \u2014 Fu\u00dfball<\/h1>\n<h2><\/h2>\n<h2 id=\"2~848438411415993668:article:subtitle\">INFORMATIONEN<\/h2>\n<div id=\"2~848438411415993668:article:body\">\n<h1>Ausbildungsentsch\u00e4digung:<\/h1>\n<p>(IBAN: AT69 3626 0000 0073 9185) lt. auf SPG Melach<\/p>\n<p><em>EUR&nbsp; 120,00<\/em>&nbsp;pro Jahr f\u00fcr das 1. Kind von U07 \u2014&nbsp;U18<\/p>\n<p><em>EUR&nbsp; 60,00<\/em>&nbsp;pro Jahr f\u00fcr jedes weitere Kind<\/p>\n<p><em>EUR&nbsp; 60,00<\/em>&nbsp;pro Jahr f\u00fcr den Kindergarten<\/p>\n<p>Bei Fragen stehen unsere Nachwuchsleiter Hermann Plunser und Sandro Gspan (<a href=\"mailto:sandro.gspan@kematenintirol.at\">sandro.gspan@kematenintirol.at<\/a>) gerne zur Verf\u00fcgung.<\/p>\n<p>&nbsp;<\/p>\n<p>&nbsp;<\/p>\n<h1>Mitgliedsbeitrag:<\/h1>\n<p>Den freiwilligen Mitgliedsbeitrag in H\u00f6he von&nbsp;<b>20,00\u20ac&nbsp;<\/b>bitte auf folgendes Konto einzahlen und den Mitgliedschaftsantrag ausf\u00fcllen:<\/p>\n<p>IBAN: AT75 3626 0000 0032&nbsp;4111<\/p>\n<p>Kontowortlaut: SV Oberperfuss \u2014 Fussball<\/p>\n<p>Verwendungszweck: Mitgliedsbeitrag +&nbsp;Jahr<\/p>\n<p><a href=\"https:\/\/sv-oberperfuss.at\/fussball\/files\/2022\/04\/Antrag-auf-Mitgliedschaft-zum-Verein-SV-Weber-Beton-Oberperfuss.docx\">Antrag auf Mitgliedschaft zum Verein SV Weber Beton Oberperfuss<\/a><\/p>\n<p>N\u00e4here Informationen rund um den Mitgliedsbeitrag findet ihr im beiliegendem Schreiben:<\/p>\n<p><a href=\"https:\/\/sv-oberperfuss.at\/fussball\/files\/2022\/04\/Schreiben-Mitgliedsbeitrag.docx\">Schreiben Mitgliedsbeitrag<\/a><\/p>\n<p>&nbsp;<\/p>\n<h1>Eintrittspreise:<\/h1>\n<p>tt.com Regionlliga Tirol &nbsp;<em>EUR 8,00<\/em><\/p>\n<p>Kinder bis 16 Jahre freier Eintritt!<\/p>\n<p>&nbsp;<\/p>\n<h1>Saisonkarten:<\/h1>\n<p>Die Saisonkarten werden im Fr\u00fchjahr und Herbst bei der Kassa aufgelegt!<\/p>\n<p>Herren und Damen EUR 70,00 (Herbst- und Fr\u00fchjahrssaison 2025\/&nbsp;2026)<\/p>\n<p>Herren und Damen EUR 35,00 (Fr\u00fchjahrssaison 2026)<\/p>\n<p>Der Erwerb einer Saisonkarte berechtigt zum Besuch aller Heimspiele des SV Oberperfuss.<\/p>\n<div>\n<div id=\"2~848438411415993668:article:body\">\n<p>&nbsp;<\/p>\n<h1>Neuanmeldungen:<\/h1>\n<p>Kopie der Geburtsurkunde<\/p>\n<p>Ausgef\u00fclltes Anmeldeformular<\/p>\n<p>Digitales Passfoto<\/p>\n<p>Meldebest\u00e4tigung \u2014 Stempel der Gemeinde am Anmeldeformular<\/p>\n<p>\u00c4rztliche Best\u00e4tigung \u2014 Stempel des Arztes am Anmeldeformular<\/p>\n<\/div>\n<\/div>\n<\/div>\n","protected":false},"excerpt":{"rendered":"<p>SV Oberperfuss \u2014 Fu\u00dfball INFORMATIONEN Ausbildungsentsch\u00e4digung: (IBAN: AT69 3626 0000 0073 9185) lt. auf SPG Melach EUR&nbsp; 120,00&nbsp;pro Jahr f\u00fcr das 1. Kind von U07 \u2014&nbsp;U18 EUR&nbsp; 60,00&nbsp;pro Jahr f\u00fcr jedes weitere Kind EUR&nbsp; 60,00&nbsp;pro Jahr f\u00fcr den Kindergarten Bei Fragen stehen unsere Nachwuchsleiter Hermann Plunser und Sandro Gspan (sandro.gspan@kematenintirol.at) gerne zur Verf\u00fcgung.&nbsp;[\u2026]<\/p>\n","protected":false},"author":42,"featured_media":0,"parent":0,"menu_order":6,"comment_status":"open","ping_status":"closed","template":"","meta":{"wp_typography_post_enhancements_disabled":false},"_links":{"self":[{"href":"https:\/\/sv-oberperfuss.at\/fussball\/wp-json\/wp\/v2\/pages\/2954"}],"collection":[{"href":"https:\/\/sv-oberperfuss.at\/fussball\/wp-json\/wp\/v2\/pages"}],"about":[{"href":"https:\/\/sv-oberperfuss.at\/fussball\/wp-json\/wp\/v2\/types\/page"}],"author":[{"embeddable":true,"href":"https:\/\/sv-oberperfuss.at\/fussball\/wp-json\/wp\/v2\/users\/42"}],"replies":[{"embeddable":true,"href":"https:\/\/sv-oberperfuss.at\/fussball\/wp-json\/wp\/v2\/comments?post=2954"}],"version-history":[{"count":28,"href":"https:\/\/sv-oberperfuss.at\/fussball\/wp-json\/wp\/v2\/pages\/2954\/revisions"}],"predecessor-version":[{"id":5562,"href":"https:\/\/sv-oberperfuss.at\/fussball\/wp-json\/wp\/v2\/pages\/2954\/revisions\/5562"}],"wp:attachment":[{"href":"https:\/\/sv-oberperfuss.at\/fussball\/wp-json\/wp\/v2\/media?parent=2954"}],"curies":[{"name":"wp","href":"https:\/\/api.w.org\/{rel}","templated":true}]}}