{"id":18,"date":"2009-10-07T20:54:21","date_gmt":"2009-10-07T18:54:21","guid":{"rendered":"https:\/\/sv-oberperfuss.at\/fussball\/?page_id=18"},"modified":"2025-11-25T16:54:22","modified_gmt":"2025-11-25T14:54:22","slug":"chronik","status":"publish","type":"page","link":"https:\/\/sv-oberperfuss.at\/fussball\/chronik\/","title":{"rendered":"Chronik"},"content":{"rendered":"<p><img loading=\"lazy\" class=\"alignright size-full wp-image-30\" src=\"https:\/\/sv-oberperfuss.at\/fussball\/files\/2009\/10\/oberperfuss.jpg\" alt=\"oberperfuss\" width=\"100\" height=\"115\"><\/p>\n<p><strong>Geschichte:<\/strong><\/p>\n<p>Die erste Initiative zur Gr\u00fcndung einer Fu\u00dfballsektion in Oberperfuss ging 1961 von Helmut Ertl und Helmut Lorenz sen. aus. Der entsprechende Antrag wurde jedoch vom Verband aufgrund des fehlenden Fu\u00dfballplatzes abgewiesen.<\/p>\n<p>Die damaligen Fu\u00dfballpioniere, von denen einige den Fu\u00dfballsport in Oberperfuss \u00fcber viele Jahre hinweg entscheidend pr\u00e4gten, mussten sich in den Folgejahren mit Spielen in der \u201eWilden Liga\u201c begn\u00fcgen.<\/p>\n<p style=\"text-align: center\"><a href=\"https:\/\/sv-oberperfuss.at\/fussball\/files\/2009\/10\/img045.jpg\"><img loading=\"lazy\" class=\"aligncenter\" src=\"https:\/\/sv-oberperfuss.at\/fussball\/files\/2009\/10\/Gr\u00fcndunstruppe-Internet.jpg\" alt=\"Gr\u00fcndunstruppe Internet\" width=\"376\" height=\"273\"><\/a><\/p>\n<p>Erst im Jahr 1970 schlie\u00dflich konnte die offizielle Gr\u00fcndung der Sektion Fu\u00dfball und der Einstieg in die Meisterschaft erfolgen. Die Kampfmannschaft, welche bis zur Platzerrichtung in Oberperfuss (1972) ihre Spiele in Kematen und V\u00f6ls austrug, eroberte im ersten Meisterschaftsjahr auf Anhieb den Meistertitel und stieg damit in die 1. Klasse West&nbsp;auf.<\/p>\n<p>Dem zwischenzeitlichen Abstieg in der Saison 1973\/74 folgte der neuerliche Meistertitel und Wiederaufstieg in der Saison 1976\/77. Der Erfolgslauf konnte auch im folgenden Meisterschaftsjahr 1977\/78 fortgesetzt werden, denn es gelang wiederum der Meistertitel und der erstmalige Aufstieg in die Gebietsliga West.<\/p>\n<p><img loading=\"lazy\" class=\"alignright size-medium wp-image-75\" src=\"https:\/\/sv-oberperfuss.at\/fussball\/files\/2009\/10\/svo-71_72-380x276-custom.jpg\" alt=\"svo 71_72\" width=\"380\" height=\"276\"><\/p>\n<p>Auch im Nachwuchsbereich konnte man in diesen Jahren bemerkenswerte Erfolge verbuchen. So holte sich die Juniorenmannschaft des SV Oberperfuss 1980\/81 den Tiroler Meistertitel und scheiterte erst in der Ausscheidung um den \u00f6sterreichischen Meister an VOEST Linz. In dieser Zeit brachte die Nachwuchsarbeit der Oberperfer so starke Spieler wie z.B. Pepi Kremser oder Gerhard Spiegl hervor.<\/p>\n<p>Mit dem 3. Platz in der Saison 1982\/83 schlie\u00dflich stieg die Kampfmannschaft in die neugegr\u00fcndete Landesliga West auf, wo der SV Oberperfuss bis zum Jahr 2002 verbleiben sollte.<\/p>\n<p><a href=\"https:\/\/sv-oberperfuss.at\/fussball\/files\/2009\/10\/SVO-Mannschaft.jpg\"><img loading=\"lazy\" class=\"alignleft size-medium wp-image-74\" src=\"https:\/\/sv-oberperfuss.at\/fussball\/files\/2009\/10\/SVO-Mannschaft-326x235-custom.jpg\" alt=\"SVO Mannschaft\" width=\"326\" height=\"235\"><\/a><\/p>\n<p>In den Spieljahren von 1983\/84 bis 1988\/89 z\u00e4hlte der SV Oberperfuss stets zu den st\u00e4rksten Mannschaften der Liga und erreichte durchwegs Tabellenpl\u00e4tze unter den besten drei, der Meistertitel und Aufstieg in die Tiroler Liga blieb den Oberperfern jedoch versagt.<\/p>\n<p>Der Abgang von Helmut Lorenz jun. (1989), der zum erfolgreichsten Oberperfer Fu\u00dfballer avancieren und den Sprung in die \u00f6sterreichische Bundesliga schaffen sollte, l\u00e4utete eine schw\u00e4chere Phase in der Oberperfer Fu\u00dfballgeschichte ein.<\/p>\n<p>Erst im Spieljahr 2000\/2001 konnte man sich wieder in der Spitze etablieren, verpasste jedoch wiederum knapp den Aufstieg. Ein Jahr sp\u00e4ter aber war es schlie\u00dflich soweit: Mit dem 2. Tabellenplatz in der Saison 2001\/2002 stieg die ausschlie\u00dflich aus unbezahlten Oberperfer Eigenbauspielern bestehende Mannschaft erstmals in die Tiroler Liga&nbsp;auf!<\/p>\n<p>In dieser h\u00f6chsten rein Tiroler Spielklasse zeigt der SV Oberperfuss weiterhin Top-Leistungen am laufenden Band. In den Saisonen 2004\/05 und 2007\/08 kann unsere 1. Kampfmannschaft jeweils den ausgezeichneten dritten Schlussrang belegen und so f\u00fcr die beiden gr\u00f6\u00dften Erfolge in der Vereinsgeschichte sorgen.<\/p>\n<p>Unter Obmann Peter Abfalterer, welcher 10 Jahre lang (2009\u20132019) dem Verein gewidmet hat, wurde das Hauptspielfeld auf 64x100 m vergr\u00f6\u00dfert, die Bew\u00e4sserung und die St\u00fctzmauer zum Nebenspielfeld errichtet und die Sektion Fu\u00dfball in einen eigenst\u00e4ndigen Verein umgewandelt.<\/p>\n<p>Seit der Saison 2015\/16 spielt der Nachwuchs der Gemeinden Oberperfuss, Kematen und Sellraintal in der neu gegr\u00fcndeten <a href=\"https:\/\/sv-oberperfuss.at\/fussball\/files\/2019\/07\/PHOTO-2019-06-27-22-29-41.jpg\"><img loading=\"lazy\" class=\"wp-image-5143 alignright\" src=\"https:\/\/sv-oberperfuss.at\/fussball\/files\/2019\/07\/PHOTO-2019-06-27-22-29-41-300x225.jpg\" alt width=\"294\" height=\"220\" srcset=\"https:\/\/sv-oberperfuss.at\/fussball\/files\/2019\/07\/PHOTO-2019-06-27-22-29-41-300x225.jpg 300w, https:\/\/sv-oberperfuss.at\/fussball\/files\/2019\/07\/PHOTO-2019-06-27-22-29-41-768x576.jpg 768w, https:\/\/sv-oberperfuss.at\/fussball\/files\/2019\/07\/PHOTO-2019-06-27-22-29-41-1024x768.jpg 1024w, https:\/\/sv-oberperfuss.at\/fussball\/files\/2019\/07\/PHOTO-2019-06-27-22-29-41.jpg 1600w\" sizes=\"(max-width: 294px) 100vw, 294px\"><\/a>SPG Melach.<\/p>\n<p>2018 ist Helmut Lorenz jun. als Trainer zum SVO zur\u00fcckgekehrt, um die Kampfmannschaft vielleicht wieder zum Aufstieg zu f\u00fchren.<\/p>\n<p>2019 \u00fcbernahm ein neues Team die F\u00fchrung im Vorstand. Obmann Mathias Wegscheider, Obmann Stv. Dietmar Schmied, Obmann Stv.in Theresa Lorenz, Kassier Markus M\u00fcller, Kassier Stv. Gerhard Feichtner, Schriftf\u00fchrerin Anna Gogg, Schriftf\u00fchrerin Stv.in Hannah Heis, Beirat Andreas Gogg und Wolfgang Weber.<\/p>\n<p>Keine leichte Zeit f\u00fcr den neuen Ausschuss, da diese Saison im M\u00e4rz aufgrund der Corona Pandemie vorzeitig abgebrochen wurde. Auch die nachfolgende Spielzeit 2020\/2021 konnte nicht abgeschlossen werden und wurde nach der Hinrunde beendet. Hier konnte sich unsere Mannschaft jedoch mit dem guten 3.Platz und dem knapp verpassten Aufstieg belohnen.<\/p>\n<p>Im Mai 2021 wurden dann die ersten gro\u00dfen Projekte umgesetzt. Die Beschallungsanlage wurde sowohl in der Kantine als auch im Au\u00dfenbereich komplett ausgetauscht und auf den neuesten Stand gebracht. Das dann wohl gr\u00f6\u00dfere Projekt war die Neuerrichtung der Flutlichtanlage am Hauptplatz. Nach vielen Wochen der Planung und Vorbereitungsarbeiten, wurde diese im August beim ersten Heimspiel der Saison 2021\/2022 offiziell eingeweiht.<\/p>\n<p>Nach der ersten Amtszeit im Juli 2021, schieden der langj\u00e4hrige Kassier Markus M\u00fcller (2009\u20132021) und sein Stellvertreter Gerhard Feichtner aus dem Vorstand aus. An ihrer Stelle kamen der neue Kassier Christoph Pl\u00f6chl, Kassier Stv.in Vanessa Plunser und Kassier Stv.in Elisabeth Schwelberger in den Ausschuss.<\/p>\n<p><a href=\"https:\/\/sv-oberperfuss.at\/fussball\/files\/2022\/12\/DSC_3728.jpg\"><img loading=\"lazy\" class=\"wp-image-5475 alignleft\" src=\"https:\/\/sv-oberperfuss.at\/fussball\/files\/2022\/12\/DSC_3728-300x199.jpg\" alt width=\"321\" height=\"213\" srcset=\"https:\/\/sv-oberperfuss.at\/fussball\/files\/2022\/12\/DSC_3728-300x199.jpg 300w, https:\/\/sv-oberperfuss.at\/fussball\/files\/2022\/12\/DSC_3728-1024x680.jpg 1024w, https:\/\/sv-oberperfuss.at\/fussball\/files\/2022\/12\/DSC_3728-768x510.jpg 768w, https:\/\/sv-oberperfuss.at\/fussball\/files\/2022\/12\/DSC_3728-1536x1020.jpg 1536w, https:\/\/sv-oberperfuss.at\/fussball\/files\/2022\/12\/DSC_3728-2048x1360.jpg 2048w\" sizes=\"(max-width: 321px) 100vw, 321px\"><\/a><\/p>\n<p>In der Saison 2021\/2022 war endlich wieder normales Fu\u00dfballspielen m\u00f6glich. Nach dem knapp verpassten Aufstieg in der Vorsaison, wollte unsere junge Mannschaft an dieser Leistung ankn\u00fcpfen. In der Herbsttabelle schlossen unsere Jungs noch mit Platz 2 mit nur 1er Niederlage!!! ab,&nbsp; im Fr\u00fchjahr setzte die Mannschaft den Erfolgslauf fort und konnten sich am vorletzten Spieltag zum Meister der Landesliga West kr\u00f6nen. Nach genau 45 Jahren konnte in Oberperfuss wieder der erste Meistertitel&nbsp; und der damit Verbunde Aufstieg in die Tiroler Liga gefeiert werden.<\/p>\n<p><img loading=\"lazy\" class=\"alignright wp-image-5557\" style=\"color: #0000ee\" src=\"https:\/\/sv-oberperfuss.at\/fussball\/files\/2025\/11\/WhatsApp-Image-2025-11-25-at-15.28.45-300x300.jpeg\" alt width=\"265\" height=\"265\" srcset=\"https:\/\/sv-oberperfuss.at\/fussball\/files\/2025\/11\/WhatsApp-Image-2025-11-25-at-15.28.45-300x300.jpeg 300w, https:\/\/sv-oberperfuss.at\/fussball\/files\/2025\/11\/WhatsApp-Image-2025-11-25-at-15.28.45-1024x1024.jpeg 1024w, https:\/\/sv-oberperfuss.at\/fussball\/files\/2025\/11\/WhatsApp-Image-2025-11-25-at-15.28.45-150x150.jpeg 150w, https:\/\/sv-oberperfuss.at\/fussball\/files\/2025\/11\/WhatsApp-Image-2025-11-25-at-15.28.45-768x768.jpeg 768w, https:\/\/sv-oberperfuss.at\/fussball\/files\/2025\/11\/WhatsApp-Image-2025-11-25-at-15.28.45.jpeg 1440w\" sizes=\"(max-width: 265px) 100vw, 265px\"><\/p>\n<p>&nbsp;<\/p>\n<p>&nbsp;<\/p>\n<p>Nach dem Aufstieg in die Hypo Tirol Liga, folgte in der Saison 2022\/23 das n\u00e4chste sportliche Highlight. Unsere Mannschaft schaffte es erstmals in das Finale des Kerschdorfer-Tirol-Cups und musste sich dort mit einer 5:3 Niederlage gegen den SC Imst mit dem 2.Platz begn\u00fcgen. \u00dcber 600 mitgereiste Fans feierten gemeinsam mit der Mannschaft den sportlichen Erfolg.<\/p>\n<p>&nbsp;<\/p>\n<p><a href=\"https:\/\/sv-oberperfuss.at\/fussball\/files\/2025\/11\/WhatsApp-Image-2025-11-25-at-15.28.46.jpeg\"><img loading=\"lazy\" class=\"alignleft wp-image-5558 size-medium\" src=\"https:\/\/sv-oberperfuss.at\/fussball\/files\/2025\/11\/WhatsApp-Image-2025-11-25-at-15.28.46-300x225.jpeg\" alt width=\"300\" height=\"225\" srcset=\"https:\/\/sv-oberperfuss.at\/fussball\/files\/2025\/11\/WhatsApp-Image-2025-11-25-at-15.28.46-300x225.jpeg 300w, https:\/\/sv-oberperfuss.at\/fussball\/files\/2025\/11\/WhatsApp-Image-2025-11-25-at-15.28.46-1024x768.jpeg 1024w, https:\/\/sv-oberperfuss.at\/fussball\/files\/2025\/11\/WhatsApp-Image-2025-11-25-at-15.28.46-768x576.jpeg 768w, https:\/\/sv-oberperfuss.at\/fussball\/files\/2025\/11\/WhatsApp-Image-2025-11-25-at-15.28.46-1536x1152.jpeg 1536w, https:\/\/sv-oberperfuss.at\/fussball\/files\/2025\/11\/WhatsApp-Image-2025-11-25-at-15.28.46.jpeg 2040w\" sizes=\"(max-width: 300px) 100vw, 300px\"><\/a><\/p>\n<p>Nach einer Saison mit weniger sportlichen Aufregungen, folgte 2024\/25 der n\u00e4chste gro\u00dfe Coup. Die Lorenz-Elf holte sich mit nur einer Niederlage \u00fcber die komplette Saison den verdienten Meistertitel in der Hypo Tirol Liga. Das absolute Highlight der Saison: Das direkte Duell gegen den SV Kirchbichl um den Aufstieg in die Regionalliga Tirol, welches unsere Mannschaft vor Rund 1.000 Zuschauern mit einem 2:1 Sieg f\u00fcr sich entscheiden konnte.<\/p>\n<p>&nbsp;<\/p>\n<p>&nbsp;<\/p>\n<p>Die Geschichte des Oberperfer Fu\u00dfballs ist gepr\u00e4gt von Erfolgen, die im Wesentlichen auf den au\u00dfergew\u00f6hnlichen Idealismus und der Einsatzbereitschaft von Spielern, Funktion\u00e4ren und Mitarbeitern sowie auf der guten und kontinuierlichen Nachwuchsarbeit basieren. Eine Fortf\u00fchrung dieser Vereinsphilosophie sollte auch f\u00fcr die Zukunft Erfolge garantieren.<\/p>\n","protected":false},"excerpt":{"rendered":"<p>Geschichte: Die erste Initiative zur Gr\u00fcndung einer Fu\u00dfballsektion in Oberperfuss ging 1961 von Helmut Ertl und Helmut Lorenz sen. aus. Der entsprechende Antrag wurde jedoch vom Verband aufgrund des fehlenden Fu\u00dfballplatzes abgewiesen. Die damaligen Fu\u00dfballpioniere, von denen einige den Fu\u00dfballsport in Oberperfuss \u00fcber viele Jahre hinweg entscheidend pr\u00e4gten, mussten sich in den Folgejahren mit Spielen&nbsp;[\u2026]<\/p>\n","protected":false},"author":8,"featured_media":0,"parent":0,"menu_order":5,"comment_status":"open","ping_status":"closed","template":"","meta":{"wp_typography_post_enhancements_disabled":false},"_links":{"self":[{"href":"https:\/\/sv-oberperfuss.at\/fussball\/wp-json\/wp\/v2\/pages\/18"}],"collection":[{"href":"https:\/\/sv-oberperfuss.at\/fussball\/wp-json\/wp\/v2\/pages"}],"about":[{"href":"https:\/\/sv-oberperfuss.at\/fussball\/wp-json\/wp\/v2\/types\/page"}],"author":[{"embeddable":true,"href":"https:\/\/sv-oberperfuss.at\/fussball\/wp-json\/wp\/v2\/users\/8"}],"replies":[{"embeddable":true,"href":"https:\/\/sv-oberperfuss.at\/fussball\/wp-json\/wp\/v2\/comments?post=18"}],"version-history":[{"count":30,"href":"https:\/\/sv-oberperfuss.at\/fussball\/wp-json\/wp\/v2\/pages\/18\/revisions"}],"predecessor-version":[{"id":5560,"href":"https:\/\/sv-oberperfuss.at\/fussball\/wp-json\/wp\/v2\/pages\/18\/revisions\/5560"}],"wp:attachment":[{"href":"https:\/\/sv-oberperfuss.at\/fussball\/wp-json\/wp\/v2\/media?parent=18"}],"curies":[{"name":"wp","href":"https:\/\/api.w.org\/{rel}","templated":true}]}}